{"id":28847,"date":"2022-05-05T12:46:24","date_gmt":"2022-05-05T10:46:24","guid":{"rendered":"https:\/\/provence-home-intendance.fr\/front-page-5\/"},"modified":"2022-05-19T21:00:16","modified_gmt":"2022-05-19T19:00:16","slug":"provence-home-intendance","status":"publish","type":"page","link":"https:\/\/provence-home-intendance.fr\/en\/","title":{"rendered":"Provence Home Intendance"},"content":{"rendered":"<h3 class=\"wp-block-heading\">Provence Home Intendance, votre nouvelle conciergerie en Provence. <\/h3>\n\n\n\n<p>Propri\u00e9taire d&rsquo;une r\u00e9sidence secondaire dans le Sud ? Vous n&rsquo;avez pas l&rsquo;envie ou le temps de vous en occuper ? Avec <a href=\"https:\/\/provence-home-intendance.fr\/en\/\">Provence Home Intendance<\/a>, profitez d&rsquo;une propri\u00e9t\u00e9 soign\u00e9e et entretenue d\u00e8s votre arriv\u00e9e. <a href=\"https:\/\/fr.wikipedia.org\/wiki\/Conciergerie_priv%C3%A9e\">Notre mission<\/a> est simple : une gestion sur mesure de votre r\u00e9sidence secondaire. Allant du simple entretien saisonnier aux travaux de r\u00e9novation. Parlez-nous de vos besoins et de vos envies, on se charge du reste ! Avec <a href=\"https:\/\/provence-home-intendance.fr\/en\/provence-home-intendance\/lequipe\/\">une \u00e9quipe dynamique<\/a> et r\u00e9active et parmi les meilleurs artisans proven\u00e7aux de leur domaine. Votre bien est entre de bonnes mains.<br>Restez sereins ! L&rsquo;\u00e9loignement de votre bien peut \u00eatre un facteur de stress important. C&rsquo;est pour cela que nous vous assurons une liaison en continu avec notre \u00e9quipe sur place. Cela via votre outil de communication pr\u00e9f\u00e9r\u00e9 (WhatsApp, SMS, Facebook, \u2026).  Nos visites r\u00e9guli\u00e8res d&rsquo;entretien permettent d&rsquo;\u00e9tablir des rapports complets, joints de photos ou vid\u00e9os.<br>Un suivi sans prise de t\u00eate ; Suivez l&rsquo;avancement de vos projets en un clic. Partagez avec nous vos id\u00e9es et commentaires depuis chez vous. <a href=\"https:\/\/provence-home-intendance.fr\/en\/provence-home-intendance\/services\/\">Nos services de conciergerie<\/a> sont adapt\u00e9s aux propri\u00e9taires de maisons secondaires \u00e0 usage personnel, mais pas que ! Vous souhaitez mettre votre bien \u00e0 la location lorsque vous n&rsquo;\u00eates pas sur place ? Vous souhaitez avoir la garantie de le louer rapidement et dans les meilleures conditions? Provence Home Intendance s&rsquo;occupe de la gestion totale de votre offre locative. Nous assurons sa location lorsque vous le souhaitez et garantie le r\u00e8glement de vos loyers par nos assurances. Experts de l&rsquo;offre locative ; Nous d\u00e9terminerons avec vous les tarifs les plus adapt\u00e9s \u00e0 votre bien en fonction de vos besoins. Nos connaissances et comp\u00e9tences dans le secteur du tourisme nous permettrons d&rsquo;optimiser la gestion locative de votre bien.<\/p>\n\n\n\n<h3 class=\"wp-block-heading\">Ce que nous faisons<\/h3>\n\n\n\n<p>Provence Home Intendance est une entreprise de <a href=\"https:\/\/provence-home-intendance.fr\/en\/provence-home-intendance\/gestion-residences\/\">gestion de r\u00e9sidence secondaire<\/a> proposant divers services de conciergerie. Ces services vont de l&rsquo;entretien int\u00e9rieur et ext\u00e9rieur du bien \u00e0 la mise en \u0153uvre et le suivi de travaux. Nous proposons \u00e9galement diff\u00e9rents <a href=\"https:\/\/provence-home-intendance.fr\/en\/provence-home-intendance\/gestion-locative\/\">services de gestion locative<\/a> allant de la simple gestion des locataires jusqu&rsquo;\u00e0 l&rsquo;optimisation de l&rsquo;offre locative. Nous sommes deux associ\u00e9s issus de la r\u00e9gion et la mission que nous nous sommes donn\u00e9e est simple ; G\u00e9rer les r\u00e9sidences secondaires \u00e0 usage personnel ou destin\u00e9es \u00e0 la location. Celles, des propri\u00e9taires n&rsquo;\u00e9tant pas sur place ou n&rsquo;ayant pas l&rsquo;envie ou le temps de s&rsquo;en occuper. Pour ce faire, nous poss\u00e9dons un r\u00e9seau d&rsquo;artisans provenant de corps de m\u00e9tier diff\u00e9rents. Ce r\u00e9seau est compos\u00e9 d&rsquo;experts locaux car nous souhaitons mettre l&rsquo;accent sur la participation \u00e0 la stimulation de l&rsquo;\u00e9conomie locale. Si nos services vous int\u00e9resse, <a href=\"https:\/\/provence-home-intendance.fr\/en\/provence-home-intendance\/contact\/\">contactez-nous<\/a>.<\/p>\n\n\n\n<p><\/p>","protected":false},"excerpt":{"rendered":"<p>Provence Home Intendance, votre nouvelle conciergerie en Provence. Propri\u00e9taire d&rsquo;une r\u00e9sidence secondaire dans le Sud ? Vous n&rsquo;avez pas l&rsquo;envie ou le temps de vous en occuper ? Avec Provence Home Intendance, profitez d&rsquo;une propri\u00e9t\u00e9 soign\u00e9e et entretenue d\u00e8s votre arriv\u00e9e. Notre mission est simple : une gestion sur mesure de votre r\u00e9sidence secondaire. Allant<\/p>\n<div><a class=\"btn-filled btn\" href=\"https:\/\/provence-home-intendance.fr\/en\/\" title=\"Provence Home Intendance\">Read More<\/a><\/div>","protected":false},"author":1,"featured_media":0,"parent":0,"menu_order":0,"comment_status":"closed","ping_status":"closed","template":"page-templates\/template-home.php","meta":{"content-type":"","inline_featured_image":false,"footnotes":""},"class_list":["post-28847","page","type-page","status-publish","hentry"],"yoast_head":"<!-- This site is optimized with the Yoast SEO plugin v24.9 - https:\/\/yoast.com\/wordpress\/plugins\/seo\/ -->\n<title>Provence Home Intendance - Conciergerie en Provence<\/title>\n<meta name=\"description\" content=\"Propri\u00e9taire d&#039;une r\u00e9sidence secondaire en Provence ? Provence Home Intendance vous propose des services d&#039;entretien &amp; de gestion locative.\" \/>\n<meta name=\"robots\" content=\"index, follow, max-snippet:-1, max-image-preview:large, max-video-preview:-1\" \/>\n<link rel=\"canonical\" href=\"https:\/\/provence-home-intendance.fr\/en\/\" \/>\n<meta property=\"og:locale\" content=\"en_GB\" \/>\n<meta property=\"og:type\" content=\"article\" \/>\n<meta property=\"og:title\" content=\"Provence Home Intendance - Conciergerie en Provence\" \/>\n<meta property=\"og:description\" content=\"Propri\u00e9taire d&#039;une r\u00e9sidence secondaire en Provence ? Provence Home Intendance vous propose des services d&#039;entretien &amp; de gestion locative.\" \/>\n<meta property=\"og:url\" content=\"https:\/\/provence-home-intendance.fr\/en\/\" \/>\n<meta property=\"og:site_name\" content=\"Provence Home Intendance\" \/>\n<meta property=\"article:modified_time\" content=\"2022-05-19T19:00:16+00:00\" \/>\n<meta name=\"twitter:card\" content=\"summary_large_image\" \/>\n<meta name=\"twitter:label1\" content=\"Estimated reading time\" \/>\n\t<meta name=\"twitter:data1\" content=\"3 minutes\" \/>\n<script type=\"application\/ld+json\" class=\"yoast-schema-graph\">{\"@context\":\"https:\/\/schema.org\",\"@graph\":[{\"@type\":\"WebPage\",\"@id\":\"https:\/\/provence-home-intendance.fr\/\",\"url\":\"https:\/\/provence-home-intendance.fr\/\",\"name\":\"Provence Home Intendance - Conciergerie en Provence\",\"isPartOf\":{\"@id\":\"https:\/\/provence-home-intendance.fr\/#website\"},\"datePublished\":\"2022-05-05T10:46:24+00:00\",\"dateModified\":\"2022-05-19T19:00:16+00:00\",\"description\":\"Propri\u00e9taire d'une r\u00e9sidence secondaire en Provence ? Provence Home Intendance vous propose des services d'entretien & de gestion locative.\",\"breadcrumb\":{\"@id\":\"https:\/\/provence-home-intendance.fr\/#breadcrumb\"},\"inLanguage\":\"en-GB\",\"potentialAction\":[{\"@type\":\"ReadAction\",\"target\":[\"https:\/\/provence-home-intendance.fr\/\"]}]},{\"@type\":\"BreadcrumbList\",\"@id\":\"https:\/\/provence-home-intendance.fr\/#breadcrumb\",\"itemListElement\":[{\"@type\":\"ListItem\",\"position\":1,\"name\":\"Accueil\",\"item\":\"https:\/\/provence-home-intendance.fr\/\"},{\"@type\":\"ListItem\",\"position\":2,\"name\":\"Provence Home Intendance\"}]},{\"@type\":\"WebSite\",\"@id\":\"https:\/\/provence-home-intendance.fr\/#website\",\"url\":\"https:\/\/provence-home-intendance.fr\/\",\"name\":\"Provence Home Intendance\",\"description\":\"\",\"publisher\":{\"@id\":\"https:\/\/provence-home-intendance.fr\/#organization\"},\"inLanguage\":\"en-GB\"},{\"@type\":\"Organization\",\"@id\":\"https:\/\/provence-home-intendance.fr\/#organization\",\"name\":\"Provence Home Intendance\",\"url\":\"https:\/\/provence-home-intendance.fr\/\",\"logo\":{\"@type\":\"ImageObject\",\"inLanguage\":\"en-GB\",\"@id\":\"https:\/\/provence-home-intendance.fr\/#\/schema\/logo\/image\/\",\"url\":\"https:\/\/provence-home-intendance.fr\/wp-content\/uploads\/2021\/10\/cropped-Banniere-PHI2.png\",\"contentUrl\":\"https:\/\/provence-home-intendance.fr\/wp-content\/uploads\/2021\/10\/cropped-Banniere-PHI2.png\",\"width\":1800,\"height\":500,\"caption\":\"Provence Home Intendance\"},\"image\":{\"@id\":\"https:\/\/provence-home-intendance.fr\/#\/schema\/logo\/image\/\"}}]}<\/script>\n<!-- \/ Yoast SEO plugin. -->","yoast_head_json":{"title":"Provence Home Intendance - Conciergerie en Provence","description":"Propri\u00e9taire d'une r\u00e9sidence secondaire en Provence ? Provence Home Intendance vous propose des services d'entretien & de gestion locative.","robots":{"index":"index","follow":"follow","max-snippet":"max-snippet:-1","max-image-preview":"max-image-preview:large","max-video-preview":"max-video-preview:-1"},"canonical":"https:\/\/provence-home-intendance.fr\/en\/","og_locale":"en_GB","og_type":"article","og_title":"Provence Home Intendance - Conciergerie en Provence","og_description":"Propri\u00e9taire d'une r\u00e9sidence secondaire en Provence ? Provence Home Intendance vous propose des services d'entretien & de gestion locative.","og_url":"https:\/\/provence-home-intendance.fr\/en\/","og_site_name":"Provence Home Intendance","article_modified_time":"2022-05-19T19:00:16+00:00","twitter_card":"summary_large_image","twitter_misc":{"Estimated reading time":"3 minutes"},"schema":{"@context":"https:\/\/schema.org","@graph":[{"@type":"WebPage","@id":"https:\/\/provence-home-intendance.fr\/","url":"https:\/\/provence-home-intendance.fr\/","name":"Provence Home Intendance - Conciergerie en Provence","isPartOf":{"@id":"https:\/\/provence-home-intendance.fr\/#website"},"datePublished":"2022-05-05T10:46:24+00:00","dateModified":"2022-05-19T19:00:16+00:00","description":"Propri\u00e9taire d'une r\u00e9sidence secondaire en Provence ? Provence Home Intendance vous propose des services d'entretien & de gestion locative.","breadcrumb":{"@id":"https:\/\/provence-home-intendance.fr\/#breadcrumb"},"inLanguage":"en-GB","potentialAction":[{"@type":"ReadAction","target":["https:\/\/provence-home-intendance.fr\/"]}]},{"@type":"BreadcrumbList","@id":"https:\/\/provence-home-intendance.fr\/#breadcrumb","itemListElement":[{"@type":"ListItem","position":1,"name":"Accueil","item":"https:\/\/provence-home-intendance.fr\/"},{"@type":"ListItem","position":2,"name":"Provence Home Intendance"}]},{"@type":"WebSite","@id":"https:\/\/provence-home-intendance.fr\/#website","url":"https:\/\/provence-home-intendance.fr\/","name":"Provence Home Intendance","description":"","publisher":{"@id":"https:\/\/provence-home-intendance.fr\/#organization"},"inLanguage":"en-GB"},{"@type":"Organization","@id":"https:\/\/provence-home-intendance.fr\/#organization","name":"Provence Home Intendance","url":"https:\/\/provence-home-intendance.fr\/","logo":{"@type":"ImageObject","inLanguage":"en-GB","@id":"https:\/\/provence-home-intendance.fr\/#\/schema\/logo\/image\/","url":"https:\/\/provence-home-intendance.fr\/wp-content\/uploads\/2021\/10\/cropped-Banniere-PHI2.png","contentUrl":"https:\/\/provence-home-intendance.fr\/wp-content\/uploads\/2021\/10\/cropped-Banniere-PHI2.png","width":1800,"height":500,"caption":"Provence Home Intendance"},"image":{"@id":"https:\/\/provence-home-intendance.fr\/#\/schema\/logo\/image\/"}}]}},"_links":{"self":[{"href":"https:\/\/provence-home-intendance.fr\/en\/wp-json\/wp\/v2\/pages\/28847","targetHints":{"allow":["GET"]}}],"collection":[{"href":"https:\/\/provence-home-intendance.fr\/en\/wp-json\/wp\/v2\/pages"}],"about":[{"href":"https:\/\/provence-home-intendance.fr\/en\/wp-json\/wp\/v2\/types\/page"}],"author":[{"embeddable":true,"href":"https:\/\/provence-home-intendance.fr\/en\/wp-json\/wp\/v2\/users\/1"}],"replies":[{"embeddable":true,"href":"https:\/\/provence-home-intendance.fr\/en\/wp-json\/wp\/v2\/comments?post=28847"}],"version-history":[{"count":5,"href":"https:\/\/provence-home-intendance.fr\/en\/wp-json\/wp\/v2\/pages\/28847\/revisions"}],"predecessor-version":[{"id":29506,"href":"https:\/\/provence-home-intendance.fr\/en\/wp-json\/wp\/v2\/pages\/28847\/revisions\/29506"}],"wp:attachment":[{"href":"https:\/\/provence-home-intendance.fr\/en\/wp-json\/wp\/v2\/media?parent=28847"}],"curies":[{"name":"wp","href":"https:\/\/api.w.org\/{rel}","templated":true}]}}