{"id":28854,"date":"2022-04-04T13:17:55","date_gmt":"2022-04-04T11:17:55","guid":{"rendered":"https:\/\/provence-home-intendance.fr\/?page_id=28854"},"modified":"2022-05-17T13:06:19","modified_gmt":"2022-05-17T11:06:19","slug":"valeurs","status":"publish","type":"page","link":"https:\/\/provence-home-intendance.fr\/en\/provence-home-intendance\/qui-sommes-nous\/valeurs\/","title":{"rendered":"Our Values"},"content":{"rendered":"<p>Nous nous engageons \u00e0 ce que vous puissiez profiter pleinement de votre r\u00e9sidence secondaire sans aucun stress, telles sont nos valeurs. Notre entreprise se base sur de fortes valeurs en harmonie avec la pr\u00e9servation de notre r\u00e9gion et son identit\u00e9 culturelle. Certains adjectifs peuvent d\u00e9finir <a href=\"https:\/\/provence-home-intendance.fr\/en\/provence-home-intendance\">Provence Home Intendance.<\/a><\/p>\n\n\n\n<h3 class=\"wp-block-heading\">Adjectifs Qualificatifs<\/h3>\n\n\n\n<p>S\u00e9r\u00e9nit\u00e9: Nous nous engageons \u00e0 ce que vous puissiez profiter pleinement de votre r\u00e9sidence secondaire. En vous d\u00e9barrassant de tout facteur de stress ; Proximit\u00e9: Nous travaillons main dans la main avec des partenaires locaux et de confiance. Chacun partageant des valeurs similaires aux n\u00f4tres ; \u00c9co-responsabilit\u00e9: L&rsquo;\u00e9cologie est au centre de nos pr\u00e9occupations. Par cons\u00e9quent, nous op\u00e9rons dans le respect de l&rsquo;environnement pour aider \u00e0 la pr\u00e9servation de notre belle r\u00e9gion ; Efficacit\u00e9: \u200b\u200bNotre \u00e9quipe r\u00e9active et d\u00e9termin\u00e9e fera tout pour r\u00e9pondre aux besoins de votre logement. Tout cela en vous simplifiant vos d\u00e9marches. Notre site web est <a href=\"https:\/\/www.infomaniak.com\/fr\">aliment\u00e9 \u00e0 100% en \u00e9nergie renouvelable<\/a>. Ainsi que les produits d&rsquo;entretien que nos partenaires utilisent ne sont pas toxiques pour l&rsquo;environnement. Finalement nous nous engageons \u00e9galement \u00e0 reverser une partie de nos b\u00e9n\u00e9fices. Fiers de notre r\u00e9gion, nous contribuons \u00e0 la stimulation de l&rsquo;\u00e9conomie locale. Car nous traitons uniquement avec nos artisans partenaires 100% sudistes.<\/p>\n\n\n\n<h3 class=\"wp-block-heading\">Valeurs importantes<\/h3>\n\n\n\n<p>Afin d&rsquo;approfondir il est important de connaitre plusieurs \u00e9l\u00e9ments. Car nous r\u00e9aliserons <a href=\"https:\/\/provence-home-intendance.fr\/en\/provence-home-intendance\/services\/\">certains services<\/a>, ne n\u00e9cessitant pas d&rsquo;intervention d&rsquo;un professionnel. Jardinage occasionnel, mise en place de salon de jardin, mise en place de la terrasse&#8230; Selon les besoins du propri\u00e9taire, d&rsquo;\u00e9ventuelles prestations suppl\u00e9mentaires peuvent s&rsquo;ajouter, r\u00e9alisable par nos partenaires. Puisque pour la gestion des biens destin\u00e9s \u00e0 la location. Ainsi, nous commissionnerons 10% \u00e0 20% du montant du s\u00e9jour du voyageur.Vu qu&rsquo;elle sera d\u00e9finit en fonction des prestations sollicit\u00e9es par le client ; Pour conclure, il faut savoir que nous nous occupons nous-m\u00eames de la gestion de l&rsquo;<a href=\"https:\/\/provence-home-intendance.fr\/en\/provence-home-intendance\/services\/gestion-locative\/\">offre locative<\/a>.<\/p>","protected":false},"excerpt":{"rendered":"<p>Nous nous engageons \u00e0 ce que vous puissiez profiter pleinement de votre r\u00e9sidence secondaire sans aucun stress, telles sont nos valeurs. Notre entreprise se base sur de fortes valeurs en harmonie avec la pr\u00e9servation de notre r\u00e9gion et son identit\u00e9 culturelle. Certains adjectifs peuvent d\u00e9finir Provence Home Intendance. Adjectifs Qualificatifs S\u00e9r\u00e9nit\u00e9: Nous nous engageons \u00e0<\/p>\n<div><a class=\"btn-filled btn\" href=\"https:\/\/provence-home-intendance.fr\/en\/provence-home-intendance\/qui-sommes-nous\/valeurs\/\" title=\"Our Values\">Read More<\/a><\/div>","protected":false},"author":1,"featured_media":0,"parent":29052,"menu_order":0,"comment_status":"closed","ping_status":"closed","template":"page-templates\/template-widget.php","meta":{"content-type":"","inline_featured_image":false,"footnotes":""},"class_list":["post-28854","page","type-page","status-publish","hentry"],"yoast_head":"<!-- This site is optimized with the Yoast SEO plugin v24.9 - https:\/\/yoast.com\/wordpress\/plugins\/seo\/ -->\n<title>Nos Valeurs - Provence Home Intendance<\/title>\n<meta name=\"description\" content=\"Nous nous engageons \u00e0 ce que vous puissiez profiter pleinement de votre r\u00e9sidence secondaire sans aucun stress, telles sont nos valeurs.\" \/>\n<meta name=\"robots\" content=\"index, follow, max-snippet:-1, max-image-preview:large, max-video-preview:-1\" \/>\n<link rel=\"canonical\" href=\"https:\/\/provence-home-intendance.fr\/en\/provence-home-intendance\/qui-sommes-nous\/valeurs\/\" \/>\n<meta property=\"og:locale\" content=\"en_GB\" \/>\n<meta property=\"og:type\" content=\"article\" \/>\n<meta property=\"og:title\" content=\"Nos Valeurs - Provence Home Intendance\" \/>\n<meta property=\"og:description\" content=\"Nous nous engageons \u00e0 ce que vous puissiez profiter pleinement de votre r\u00e9sidence secondaire sans aucun stress, telles sont nos valeurs.\" \/>\n<meta property=\"og:url\" content=\"https:\/\/provence-home-intendance.fr\/en\/provence-home-intendance\/qui-sommes-nous\/valeurs\/\" \/>\n<meta property=\"og:site_name\" content=\"Provence Home Intendance\" \/>\n<meta property=\"article:modified_time\" content=\"2022-05-17T11:06:19+00:00\" \/>\n<meta name=\"twitter:card\" content=\"summary_large_image\" \/>\n<meta name=\"twitter:label1\" content=\"Estimated reading time\" \/>\n\t<meta name=\"twitter:data1\" content=\"2 minutes\" \/>\n<script type=\"application\/ld+json\" class=\"yoast-schema-graph\">{\"@context\":\"https:\/\/schema.org\",\"@graph\":[{\"@type\":\"WebPage\",\"@id\":\"https:\/\/provence-home-intendance.fr\/provence-home-intendance\/qui-sommes-nous\/valeurs\/\",\"url\":\"https:\/\/provence-home-intendance.fr\/provence-home-intendance\/qui-sommes-nous\/valeurs\/\",\"name\":\"Nos Valeurs - Provence Home Intendance\",\"isPartOf\":{\"@id\":\"https:\/\/provence-home-intendance.fr\/#website\"},\"datePublished\":\"2022-04-04T11:17:55+00:00\",\"dateModified\":\"2022-05-17T11:06:19+00:00\",\"description\":\"Nous nous engageons \u00e0 ce que vous puissiez profiter pleinement de votre r\u00e9sidence secondaire sans aucun stress, telles sont nos valeurs.\",\"breadcrumb\":{\"@id\":\"https:\/\/provence-home-intendance.fr\/provence-home-intendance\/qui-sommes-nous\/valeurs\/#breadcrumb\"},\"inLanguage\":\"en-GB\",\"potentialAction\":[{\"@type\":\"ReadAction\",\"target\":[\"https:\/\/provence-home-intendance.fr\/provence-home-intendance\/qui-sommes-nous\/valeurs\/\"]}]},{\"@type\":\"BreadcrumbList\",\"@id\":\"https:\/\/provence-home-intendance.fr\/provence-home-intendance\/qui-sommes-nous\/valeurs\/#breadcrumb\",\"itemListElement\":[{\"@type\":\"ListItem\",\"position\":1,\"name\":\"Accueil\",\"item\":\"https:\/\/provence-home-intendance.fr\/\"},{\"@type\":\"ListItem\",\"position\":2,\"name\":\"Provence Home Intendance\",\"item\":\"https:\/\/provence-home-intendance.fr\/\"},{\"@type\":\"ListItem\",\"position\":3,\"name\":\"Qui sommes-nous?\",\"item\":\"https:\/\/provence-home-intendance.fr\/provence-home-intendance\/qui-sommes-nous\/\"},{\"@type\":\"ListItem\",\"position\":4,\"name\":\"Nos Valeurs\"}]},{\"@type\":\"WebSite\",\"@id\":\"https:\/\/provence-home-intendance.fr\/#website\",\"url\":\"https:\/\/provence-home-intendance.fr\/\",\"name\":\"Provence Home Intendance\",\"description\":\"\",\"publisher\":{\"@id\":\"https:\/\/provence-home-intendance.fr\/#organization\"},\"inLanguage\":\"en-GB\"},{\"@type\":\"Organization\",\"@id\":\"https:\/\/provence-home-intendance.fr\/#organization\",\"name\":\"Provence Home Intendance\",\"url\":\"https:\/\/provence-home-intendance.fr\/\",\"logo\":{\"@type\":\"ImageObject\",\"inLanguage\":\"en-GB\",\"@id\":\"https:\/\/provence-home-intendance.fr\/#\/schema\/logo\/image\/\",\"url\":\"https:\/\/provence-home-intendance.fr\/wp-content\/uploads\/2021\/10\/cropped-Banniere-PHI2.png\",\"contentUrl\":\"https:\/\/provence-home-intendance.fr\/wp-content\/uploads\/2021\/10\/cropped-Banniere-PHI2.png\",\"width\":1800,\"height\":500,\"caption\":\"Provence Home Intendance\"},\"image\":{\"@id\":\"https:\/\/provence-home-intendance.fr\/#\/schema\/logo\/image\/\"}}]}<\/script>\n<!-- \/ Yoast SEO plugin. -->","yoast_head_json":{"title":"Nos Valeurs - Provence Home Intendance","description":"Nous nous engageons \u00e0 ce que vous puissiez profiter pleinement de votre r\u00e9sidence secondaire sans aucun stress, telles sont nos valeurs.","robots":{"index":"index","follow":"follow","max-snippet":"max-snippet:-1","max-image-preview":"max-image-preview:large","max-video-preview":"max-video-preview:-1"},"canonical":"https:\/\/provence-home-intendance.fr\/en\/provence-home-intendance\/qui-sommes-nous\/valeurs\/","og_locale":"en_GB","og_type":"article","og_title":"Nos Valeurs - Provence Home Intendance","og_description":"Nous nous engageons \u00e0 ce que vous puissiez profiter pleinement de votre r\u00e9sidence secondaire sans aucun stress, telles sont nos valeurs.","og_url":"https:\/\/provence-home-intendance.fr\/en\/provence-home-intendance\/qui-sommes-nous\/valeurs\/","og_site_name":"Provence Home Intendance","article_modified_time":"2022-05-17T11:06:19+00:00","twitter_card":"summary_large_image","twitter_misc":{"Estimated reading time":"2 minutes"},"schema":{"@context":"https:\/\/schema.org","@graph":[{"@type":"WebPage","@id":"https:\/\/provence-home-intendance.fr\/provence-home-intendance\/qui-sommes-nous\/valeurs\/","url":"https:\/\/provence-home-intendance.fr\/provence-home-intendance\/qui-sommes-nous\/valeurs\/","name":"Nos Valeurs - Provence Home Intendance","isPartOf":{"@id":"https:\/\/provence-home-intendance.fr\/#website"},"datePublished":"2022-04-04T11:17:55+00:00","dateModified":"2022-05-17T11:06:19+00:00","description":"Nous nous engageons \u00e0 ce que vous puissiez profiter pleinement de votre r\u00e9sidence secondaire sans aucun stress, telles sont nos valeurs.","breadcrumb":{"@id":"https:\/\/provence-home-intendance.fr\/provence-home-intendance\/qui-sommes-nous\/valeurs\/#breadcrumb"},"inLanguage":"en-GB","potentialAction":[{"@type":"ReadAction","target":["https:\/\/provence-home-intendance.fr\/provence-home-intendance\/qui-sommes-nous\/valeurs\/"]}]},{"@type":"BreadcrumbList","@id":"https:\/\/provence-home-intendance.fr\/provence-home-intendance\/qui-sommes-nous\/valeurs\/#breadcrumb","itemListElement":[{"@type":"ListItem","position":1,"name":"Accueil","item":"https:\/\/provence-home-intendance.fr\/"},{"@type":"ListItem","position":2,"name":"Provence Home Intendance","item":"https:\/\/provence-home-intendance.fr\/"},{"@type":"ListItem","position":3,"name":"Qui sommes-nous?","item":"https:\/\/provence-home-intendance.fr\/provence-home-intendance\/qui-sommes-nous\/"},{"@type":"ListItem","position":4,"name":"Nos Valeurs"}]},{"@type":"WebSite","@id":"https:\/\/provence-home-intendance.fr\/#website","url":"https:\/\/provence-home-intendance.fr\/","name":"Provence Home Intendance","description":"","publisher":{"@id":"https:\/\/provence-home-intendance.fr\/#organization"},"inLanguage":"en-GB"},{"@type":"Organization","@id":"https:\/\/provence-home-intendance.fr\/#organization","name":"Provence Home Intendance","url":"https:\/\/provence-home-intendance.fr\/","logo":{"@type":"ImageObject","inLanguage":"en-GB","@id":"https:\/\/provence-home-intendance.fr\/#\/schema\/logo\/image\/","url":"https:\/\/provence-home-intendance.fr\/wp-content\/uploads\/2021\/10\/cropped-Banniere-PHI2.png","contentUrl":"https:\/\/provence-home-intendance.fr\/wp-content\/uploads\/2021\/10\/cropped-Banniere-PHI2.png","width":1800,"height":500,"caption":"Provence Home Intendance"},"image":{"@id":"https:\/\/provence-home-intendance.fr\/#\/schema\/logo\/image\/"}}]}},"_links":{"self":[{"href":"https:\/\/provence-home-intendance.fr\/en\/wp-json\/wp\/v2\/pages\/28854","targetHints":{"allow":["GET"]}}],"collection":[{"href":"https:\/\/provence-home-intendance.fr\/en\/wp-json\/wp\/v2\/pages"}],"about":[{"href":"https:\/\/provence-home-intendance.fr\/en\/wp-json\/wp\/v2\/types\/page"}],"author":[{"embeddable":true,"href":"https:\/\/provence-home-intendance.fr\/en\/wp-json\/wp\/v2\/users\/1"}],"replies":[{"embeddable":true,"href":"https:\/\/provence-home-intendance.fr\/en\/wp-json\/wp\/v2\/comments?post=28854"}],"version-history":[{"count":4,"href":"https:\/\/provence-home-intendance.fr\/en\/wp-json\/wp\/v2\/pages\/28854\/revisions"}],"predecessor-version":[{"id":29564,"href":"https:\/\/provence-home-intendance.fr\/en\/wp-json\/wp\/v2\/pages\/28854\/revisions\/29564"}],"up":[{"embeddable":true,"href":"https:\/\/provence-home-intendance.fr\/en\/wp-json\/wp\/v2\/pages\/29052"}],"wp:attachment":[{"href":"https:\/\/provence-home-intendance.fr\/en\/wp-json\/wp\/v2\/media?parent=28854"}],"curies":[{"name":"wp","href":"https:\/\/api.w.org\/{rel}","templated":true}]}}