{"id":29052,"date":"2022-04-04T18:00:23","date_gmt":"2022-04-04T16:00:23","guid":{"rendered":"https:\/\/provence-home-intendance.fr\/?page_id=29052"},"modified":"2022-05-19T21:00:44","modified_gmt":"2022-05-19T19:00:44","slug":"qui-sommes-nous","status":"publish","type":"page","link":"https:\/\/provence-home-intendance.fr\/en\/provence-home-intendance\/qui-sommes-nous\/","title":{"rendered":"Who are we?"},"content":{"rendered":"<p>Qui sommes nous? Notre entreprise se base sur de fortes valeurs en harmonie avec la pr\u00e9servation de notre r\u00e9gion et son identit\u00e9 culturelle. Provence Home Intendance se veut \u00eatre une <a href=\"https:\/\/provence-home-intendance.fr\/en\/provence-home-intendance\/qui-sommes-nous\/valeurs\/\">image de marque \u00e9thique<\/a>. C&rsquo;est ainsi que nous op\u00e9rons avec des acteurs locaux misant sur la durabilit\u00e9 et l&rsquo;\u00e9co-responsabilit\u00e9. Notre moteur est une volont\u00e9 de satisfaire tous les parties. Puisque Provence Home Intendance est flexible. Par exemple, les demandes des clients sont trait\u00e9es individuellement afin de r\u00e9pondre aux mieux \u00e0 leurs attentes. Pour trouver une solution \u00e0 chaque probl\u00e8me. <\/p>\n\n\n\n<h3 class=\"wp-block-heading\">Qui sommes-nous &#8211; L&rsquo;\u00e9quipe<\/h3>\n\n\n\n<p>Nous avons une connaissance des besoins des client\u00e8les nationales et internationales. <a href=\"https:\/\/provence-home-intendance.fr\/en\/provence-home-intendance\/qui-sommes-nous\/lequipe\/\">Une \u00e9quipe<\/a><br>compl\u00e8tement bilingue fran\u00e7ais\/ anglais. La possibilit\u00e9 d&rsquo;\u00e9changer en anglais, chinois ou espagnol. Nous travaillons avec des associ\u00e9s de confiance uniquement. Chacun ayant des valeurs similaires aux n\u00f4tres. L&rsquo;\u00e9quipe de Provence Home Intendance op\u00e8re dans la r\u00e9gion. Elle est r\u00e9active et flexible.<\/p>\n\n\n\n<h3 class=\"wp-block-heading\">Pourquoi nous cette entreprise ?<\/h3>\n\n\n\n<p>Les restrictions de voyage li\u00e9es \u00e0 la Covid se sont assouplies depuis peu de temps. On observe donc un grand nombre de voyageurs qui souhaiteront \u00ab\u00a0rattraper le temps perdu\u00a0\u00bb. Puisque le besoin de grand air c&rsquo;est d\u00e9velopp\u00e9. De nombreuses familles investissent dans la r\u00e9gion. Afin de poss\u00e9der un lieu de <a href=\"https:\/\/www.bfmtv.com\/immobilier\/prix-immobilier\/le-reve-d-acheter-une-residence-secondaire-a-un-prix-pres-de-280-000-euros-en-moyenne-en-france_AV-202201210287.html#:~:text=Comme%20Xavier%2C%20les%20acqu%C3%A9reurs%20en,7%25%20des%20transactions%20en%20France.\">r\u00e9sidence secondaire<\/a>. Mais encore, les locations entre particuliers ne font qu&rsquo;augmenter. Cela entraine parfois des locataires d\u00e9\u00e7us. Ces derniers le font savoir \u00e0 travers des notes et commentaires n\u00e9gatif. Provence Home Intendance propose <a href=\"https:\/\/provence-home-intendance.fr\/en\/provence-home-intendance\/services\/\">des services<\/a> pour rem\u00e9dier \u00e0 tout \u00e7a. <a href=\"https:\/\/provence-home-intendance.fr\/en\/provence-home-intendance\/services\/gestion-locative\/\">De la gestion des locataires<\/a> ; Du consulting ; De l&rsquo;entretien int\u00e9rieur, ext\u00e9rieur, v\u00e9hicule ; Une cr\u00e9ation de plus-value ; <a href=\"https:\/\/provence-home-intendance.fr\/en\/provence-home-intendance\/services\/gestion-residences\/\">Des visites r\u00e9guli\u00e8res<\/a> ; Du suivi de travaux ; Ou encore une Assistance technique et administrative. En conclusion, vous avez un besoin pour votre r\u00e9sidence secondaire ? Provence Home Intendance aura un service adapt\u00e9 \u00e0 votre besoin. Au cas o\u00f9 vous ne trouvez pas ce dont vous avez besoin sur notre site Internet ; <a href=\"https:\/\/provence-home-intendance.fr\/en\/provence-home-intendance\/contact\/\">Contactez-nous<\/a> !<\/p>\n\n\n\n<figure class=\"wp-block-gallery has-nested-images columns-default is-cropped wp-block-gallery-1 is-layout-flex wp-block-gallery-is-layout-flex\">\n<figure class=\"wp-block-image size-large\"><img loading=\"lazy\" decoding=\"async\" width=\"1024\" height=\"683\" data-id=\"29525\" src=\"https:\/\/provence-home-intendance.fr\/wp-content\/uploads\/2022\/05\/street-display-3873545-1024x683.jpg\" alt=\"Qui sommes-nous? Notre entreprise se base sur de fortes valeurs en harmonie avec la pr\u00e9servation de notre r\u00e9gion et son identit\u00e9 culturelle.\" class=\"wp-image-29525\" srcset=\"https:\/\/provence-home-intendance.fr\/wp-content\/uploads\/2022\/05\/street-display-3873545-1024x683.jpg 1024w, https:\/\/provence-home-intendance.fr\/wp-content\/uploads\/2022\/05\/street-display-3873545-300x200.jpg 300w, https:\/\/provence-home-intendance.fr\/wp-content\/uploads\/2022\/05\/street-display-3873545-768x512.jpg 768w, https:\/\/provence-home-intendance.fr\/wp-content\/uploads\/2022\/05\/street-display-3873545-1536x1024.jpg 1536w, https:\/\/provence-home-intendance.fr\/wp-content\/uploads\/2022\/05\/street-display-3873545-2048x1365.jpg 2048w, https:\/\/provence-home-intendance.fr\/wp-content\/uploads\/2022\/05\/street-display-3873545-18x12.jpg 18w\" sizes=\"auto, (max-width: 1024px) 100vw, 1024px\" \/><figcaption>Qui sommes nous &#8211; <a href=\"https:\/\/provence-home-intendance.fr\/en\/\">Provence Home Intendance<\/a><\/figcaption><\/figure>\n<figcaption class=\"blocks-gallery-caption\">Qui sommes nous &#8211; Provence Home Intendance<\/figcaption><\/figure>","protected":false},"excerpt":{"rendered":"<p>Qui sommes nous? Notre entreprise se base sur de fortes valeurs en harmonie avec la pr\u00e9servation de notre r\u00e9gion et son identit\u00e9 culturelle. Provence Home Intendance se veut \u00eatre une image de marque \u00e9thique. C&rsquo;est ainsi que nous op\u00e9rons avec des acteurs locaux misant sur la durabilit\u00e9 et l&rsquo;\u00e9co-responsabilit\u00e9. Notre moteur est une volont\u00e9 de<\/p>\n<div><a class=\"btn-filled btn\" href=\"https:\/\/provence-home-intendance.fr\/en\/provence-home-intendance\/qui-sommes-nous\/\" title=\"Who are we?\">Read More<\/a><\/div>","protected":false},"author":1,"featured_media":0,"parent":28847,"menu_order":0,"comment_status":"closed","ping_status":"closed","template":"page-templates\/template-widget.php","meta":{"content-type":"","inline_featured_image":false,"footnotes":""},"class_list":["post-29052","page","type-page","status-publish","hentry"],"yoast_head":"<!-- This site is optimized with the Yoast SEO plugin v24.9 - https:\/\/yoast.com\/wordpress\/plugins\/seo\/ -->\n<title>Qui sommes-nous? - Provence Home Intendance<\/title>\n<meta name=\"description\" content=\"Qui sommes-nous? Notre entreprise se base sur de fortes valeurs en harmonie avec la pr\u00e9servation de notre r\u00e9gion et son identit\u00e9 culturelle.\" \/>\n<meta name=\"robots\" content=\"index, follow, max-snippet:-1, max-image-preview:large, max-video-preview:-1\" \/>\n<link rel=\"canonical\" href=\"https:\/\/provence-home-intendance.fr\/en\/provence-home-intendance\/qui-sommes-nous\/\" \/>\n<meta property=\"og:locale\" content=\"en_GB\" \/>\n<meta property=\"og:type\" content=\"article\" \/>\n<meta property=\"og:title\" content=\"Qui sommes-nous? - Provence Home Intendance\" \/>\n<meta property=\"og:description\" content=\"Qui sommes-nous? Notre entreprise se base sur de fortes valeurs en harmonie avec la pr\u00e9servation de notre r\u00e9gion et son identit\u00e9 culturelle.\" \/>\n<meta property=\"og:url\" content=\"https:\/\/provence-home-intendance.fr\/en\/provence-home-intendance\/qui-sommes-nous\/\" \/>\n<meta property=\"og:site_name\" content=\"Provence Home Intendance\" \/>\n<meta property=\"article:modified_time\" content=\"2022-05-19T19:00:44+00:00\" \/>\n<meta property=\"og:image\" content=\"https:\/\/provence-home-intendance.fr\/wp-content\/uploads\/2022\/05\/street-display-3873545-1024x683.jpg\" \/>\n<meta name=\"twitter:card\" content=\"summary_large_image\" \/>\n<meta name=\"twitter:label1\" content=\"Estimated reading time\" \/>\n\t<meta name=\"twitter:data1\" content=\"2 minutes\" \/>\n<script type=\"application\/ld+json\" class=\"yoast-schema-graph\">{\"@context\":\"https:\/\/schema.org\",\"@graph\":[{\"@type\":\"WebPage\",\"@id\":\"https:\/\/provence-home-intendance.fr\/provence-home-intendance\/qui-sommes-nous\/\",\"url\":\"https:\/\/provence-home-intendance.fr\/provence-home-intendance\/qui-sommes-nous\/\",\"name\":\"Qui sommes-nous? - Provence Home Intendance\",\"isPartOf\":{\"@id\":\"https:\/\/provence-home-intendance.fr\/#website\"},\"primaryImageOfPage\":{\"@id\":\"https:\/\/provence-home-intendance.fr\/provence-home-intendance\/qui-sommes-nous\/#primaryimage\"},\"image\":{\"@id\":\"https:\/\/provence-home-intendance.fr\/provence-home-intendance\/qui-sommes-nous\/#primaryimage\"},\"thumbnailUrl\":\"https:\/\/provence-home-intendance.fr\/wp-content\/uploads\/2022\/05\/street-display-3873545-1024x683.jpg\",\"datePublished\":\"2022-04-04T16:00:23+00:00\",\"dateModified\":\"2022-05-19T19:00:44+00:00\",\"description\":\"Qui sommes-nous? Notre entreprise se base sur de fortes valeurs en harmonie avec la pr\u00e9servation de notre r\u00e9gion et son identit\u00e9 culturelle.\",\"breadcrumb\":{\"@id\":\"https:\/\/provence-home-intendance.fr\/provence-home-intendance\/qui-sommes-nous\/#breadcrumb\"},\"inLanguage\":\"en-GB\",\"potentialAction\":[{\"@type\":\"ReadAction\",\"target\":[\"https:\/\/provence-home-intendance.fr\/provence-home-intendance\/qui-sommes-nous\/\"]}]},{\"@type\":\"ImageObject\",\"inLanguage\":\"en-GB\",\"@id\":\"https:\/\/provence-home-intendance.fr\/provence-home-intendance\/qui-sommes-nous\/#primaryimage\",\"url\":\"https:\/\/provence-home-intendance.fr\/wp-content\/uploads\/2022\/05\/street-display-3873545-1024x683.jpg\",\"contentUrl\":\"https:\/\/provence-home-intendance.fr\/wp-content\/uploads\/2022\/05\/street-display-3873545-1024x683.jpg\"},{\"@type\":\"BreadcrumbList\",\"@id\":\"https:\/\/provence-home-intendance.fr\/provence-home-intendance\/qui-sommes-nous\/#breadcrumb\",\"itemListElement\":[{\"@type\":\"ListItem\",\"position\":1,\"name\":\"Accueil\",\"item\":\"https:\/\/provence-home-intendance.fr\/\"},{\"@type\":\"ListItem\",\"position\":2,\"name\":\"Provence Home Intendance\",\"item\":\"https:\/\/provence-home-intendance.fr\/\"},{\"@type\":\"ListItem\",\"position\":3,\"name\":\"Qui sommes-nous?\"}]},{\"@type\":\"WebSite\",\"@id\":\"https:\/\/provence-home-intendance.fr\/#website\",\"url\":\"https:\/\/provence-home-intendance.fr\/\",\"name\":\"Provence Home Intendance\",\"description\":\"\",\"publisher\":{\"@id\":\"https:\/\/provence-home-intendance.fr\/#organization\"},\"inLanguage\":\"en-GB\"},{\"@type\":\"Organization\",\"@id\":\"https:\/\/provence-home-intendance.fr\/#organization\",\"name\":\"Provence Home Intendance\",\"url\":\"https:\/\/provence-home-intendance.fr\/\",\"logo\":{\"@type\":\"ImageObject\",\"inLanguage\":\"en-GB\",\"@id\":\"https:\/\/provence-home-intendance.fr\/#\/schema\/logo\/image\/\",\"url\":\"https:\/\/provence-home-intendance.fr\/wp-content\/uploads\/2021\/10\/cropped-Banniere-PHI2.png\",\"contentUrl\":\"https:\/\/provence-home-intendance.fr\/wp-content\/uploads\/2021\/10\/cropped-Banniere-PHI2.png\",\"width\":1800,\"height\":500,\"caption\":\"Provence Home Intendance\"},\"image\":{\"@id\":\"https:\/\/provence-home-intendance.fr\/#\/schema\/logo\/image\/\"}}]}<\/script>\n<!-- \/ Yoast SEO plugin. -->","yoast_head_json":{"title":"Qui sommes-nous? - Provence Home Intendance","description":"Qui sommes-nous? Notre entreprise se base sur de fortes valeurs en harmonie avec la pr\u00e9servation de notre r\u00e9gion et son identit\u00e9 culturelle.","robots":{"index":"index","follow":"follow","max-snippet":"max-snippet:-1","max-image-preview":"max-image-preview:large","max-video-preview":"max-video-preview:-1"},"canonical":"https:\/\/provence-home-intendance.fr\/en\/provence-home-intendance\/qui-sommes-nous\/","og_locale":"en_GB","og_type":"article","og_title":"Qui sommes-nous? - Provence Home Intendance","og_description":"Qui sommes-nous? Notre entreprise se base sur de fortes valeurs en harmonie avec la pr\u00e9servation de notre r\u00e9gion et son identit\u00e9 culturelle.","og_url":"https:\/\/provence-home-intendance.fr\/en\/provence-home-intendance\/qui-sommes-nous\/","og_site_name":"Provence Home Intendance","article_modified_time":"2022-05-19T19:00:44+00:00","og_image":[{"url":"https:\/\/provence-home-intendance.fr\/wp-content\/uploads\/2022\/05\/street-display-3873545-1024x683.jpg","type":"","width":"","height":""}],"twitter_card":"summary_large_image","twitter_misc":{"Estimated reading time":"2 minutes"},"schema":{"@context":"https:\/\/schema.org","@graph":[{"@type":"WebPage","@id":"https:\/\/provence-home-intendance.fr\/provence-home-intendance\/qui-sommes-nous\/","url":"https:\/\/provence-home-intendance.fr\/provence-home-intendance\/qui-sommes-nous\/","name":"Qui sommes-nous? - Provence Home Intendance","isPartOf":{"@id":"https:\/\/provence-home-intendance.fr\/#website"},"primaryImageOfPage":{"@id":"https:\/\/provence-home-intendance.fr\/provence-home-intendance\/qui-sommes-nous\/#primaryimage"},"image":{"@id":"https:\/\/provence-home-intendance.fr\/provence-home-intendance\/qui-sommes-nous\/#primaryimage"},"thumbnailUrl":"https:\/\/provence-home-intendance.fr\/wp-content\/uploads\/2022\/05\/street-display-3873545-1024x683.jpg","datePublished":"2022-04-04T16:00:23+00:00","dateModified":"2022-05-19T19:00:44+00:00","description":"Qui sommes-nous? Notre entreprise se base sur de fortes valeurs en harmonie avec la pr\u00e9servation de notre r\u00e9gion et son identit\u00e9 culturelle.","breadcrumb":{"@id":"https:\/\/provence-home-intendance.fr\/provence-home-intendance\/qui-sommes-nous\/#breadcrumb"},"inLanguage":"en-GB","potentialAction":[{"@type":"ReadAction","target":["https:\/\/provence-home-intendance.fr\/provence-home-intendance\/qui-sommes-nous\/"]}]},{"@type":"ImageObject","inLanguage":"en-GB","@id":"https:\/\/provence-home-intendance.fr\/provence-home-intendance\/qui-sommes-nous\/#primaryimage","url":"https:\/\/provence-home-intendance.fr\/wp-content\/uploads\/2022\/05\/street-display-3873545-1024x683.jpg","contentUrl":"https:\/\/provence-home-intendance.fr\/wp-content\/uploads\/2022\/05\/street-display-3873545-1024x683.jpg"},{"@type":"BreadcrumbList","@id":"https:\/\/provence-home-intendance.fr\/provence-home-intendance\/qui-sommes-nous\/#breadcrumb","itemListElement":[{"@type":"ListItem","position":1,"name":"Accueil","item":"https:\/\/provence-home-intendance.fr\/"},{"@type":"ListItem","position":2,"name":"Provence Home Intendance","item":"https:\/\/provence-home-intendance.fr\/"},{"@type":"ListItem","position":3,"name":"Qui sommes-nous?"}]},{"@type":"WebSite","@id":"https:\/\/provence-home-intendance.fr\/#website","url":"https:\/\/provence-home-intendance.fr\/","name":"Provence Home Intendance","description":"","publisher":{"@id":"https:\/\/provence-home-intendance.fr\/#organization"},"inLanguage":"en-GB"},{"@type":"Organization","@id":"https:\/\/provence-home-intendance.fr\/#organization","name":"Provence Home Intendance","url":"https:\/\/provence-home-intendance.fr\/","logo":{"@type":"ImageObject","inLanguage":"en-GB","@id":"https:\/\/provence-home-intendance.fr\/#\/schema\/logo\/image\/","url":"https:\/\/provence-home-intendance.fr\/wp-content\/uploads\/2021\/10\/cropped-Banniere-PHI2.png","contentUrl":"https:\/\/provence-home-intendance.fr\/wp-content\/uploads\/2021\/10\/cropped-Banniere-PHI2.png","width":1800,"height":500,"caption":"Provence Home Intendance"},"image":{"@id":"https:\/\/provence-home-intendance.fr\/#\/schema\/logo\/image\/"}}]}},"_links":{"self":[{"href":"https:\/\/provence-home-intendance.fr\/en\/wp-json\/wp\/v2\/pages\/29052","targetHints":{"allow":["GET"]}}],"collection":[{"href":"https:\/\/provence-home-intendance.fr\/en\/wp-json\/wp\/v2\/pages"}],"about":[{"href":"https:\/\/provence-home-intendance.fr\/en\/wp-json\/wp\/v2\/types\/page"}],"author":[{"embeddable":true,"href":"https:\/\/provence-home-intendance.fr\/en\/wp-json\/wp\/v2\/users\/1"}],"replies":[{"embeddable":true,"href":"https:\/\/provence-home-intendance.fr\/en\/wp-json\/wp\/v2\/comments?post=29052"}],"version-history":[{"count":6,"href":"https:\/\/provence-home-intendance.fr\/en\/wp-json\/wp\/v2\/pages\/29052\/revisions"}],"predecessor-version":[{"id":29572,"href":"https:\/\/provence-home-intendance.fr\/en\/wp-json\/wp\/v2\/pages\/29052\/revisions\/29572"}],"up":[{"embeddable":true,"href":"https:\/\/provence-home-intendance.fr\/en\/wp-json\/wp\/v2\/pages\/28847"}],"wp:attachment":[{"href":"https:\/\/provence-home-intendance.fr\/en\/wp-json\/wp\/v2\/media?parent=29052"}],"curies":[{"name":"wp","href":"https:\/\/api.w.org\/{rel}","templated":true}]}}