{"id":29116,"date":"2022-04-04T10:07:04","date_gmt":"2022-04-04T08:07:04","guid":{"rendered":"https:\/\/provence-home-intendance.fr\/?page_id=29116"},"modified":"2022-05-17T13:03:28","modified_gmt":"2022-05-17T11:03:28","slug":"lequipe","status":"publish","type":"page","link":"https:\/\/provence-home-intendance.fr\/en\/provence-home-intendance\/qui-sommes-nous\/lequipe\/","title":{"rendered":"L&rsquo;Equipe"},"content":{"rendered":"<h3 class=\"wp-block-heading\">Equipe &#8211; <a href=\"https:\/\/provence-home-intendance.fr\/en\/provence-home-intendance\">Provence Home Intendance<\/a><\/h3>\n\n\n\n<p>Provence Home Intendance vous propose une \u00e9quipe <a href=\"https:\/\/provence-home-intendance.fr\/en\/provence-home-intendance\/qui-sommes-nous\/\">jeune, dynamique, cr\u00e9ative et multi-linguiste<\/a>. D\u00e9couvrez-en plus! Notre \u00e9quipe se d\u00e9m\u00e8ne pour vous apporter les meilleures solutions afin de vous faire profiter de votre bien en toute tranquillit\u00e9. <\/p>\n\n\n\n<h3 class=\"wp-block-heading\">Pourquoi la Provence ?<\/h3>\n\n\n\n<p>La <a href=\"https:\/\/provence-home-intendance.fr\/en\/provence-home-intendance\/qui-sommes-nous\/valeurs\/\">mise en valeur de notre r\u00e9gion<\/a> nous tient \u00e0 c\u0153ur. C&rsquo;est pourquoi nous souhaitons aider les propri\u00e9taires de r\u00e9sidences secondaires \u00e0 valoriser et \u00e0 rentabiliser leur bien en Provence ; Ceci par le biais de nombreux partenariats avec des artisans r\u00e9gionaux. Provence Home Intendance est internationale. En effet, nous sommes tous deux dipl\u00f4m\u00e9s d&rsquo;un Master de Management du Tourisme International. Obtenu \u00e0 l&rsquo;ESCAET \u00e0 Aix-en-Provence. Nos comp\u00e9tences et connaissances approfondies dans l&rsquo;industrie du voyage nous permettent de comprendre vos attentes et d&rsquo;y r\u00e9pondre. Puisqu&rsquo;\u00e0 nous deux, nous avons v\u00e9cu dans 6 diff\u00e9rents pays. En avons visit\u00e9 plus d&rsquo;une trentaine. Nous vous proposons une \u00e9quipe jeune, dynamique, cr\u00e9ative et multi-linguiste.<\/p>\n\n\n\n<h3 class=\"wp-block-heading\"><a href=\"https:\/\/provence-home-intendance.fr\/en\/provence-home-intendance\/services\/\">Our Services<\/a><\/h3>\n\n\n\n<p>Nos comp\u00e9tences mutuelles nous permettent de vous proposer de nombreuses prestations ; Des prestations de <a href=\"https:\/\/provence-home-intendance.fr\/en\/provence-home-intendance\/services\/gestion-residences\/\">gestion de r\u00e9sidences secondaires<\/a>. Que vous soyez propri\u00e9taire d&rsquo;une r\u00e9sidence secondaire ou que vous ayez investis dans un bien. Qui est \u00e0 destination de <a href=\"https:\/\/provence-home-intendance.fr\/en\/provence-home-intendance\/services\/gestion-locative\/\">la location saisonni\u00e8re<\/a> via <a href=\"https:\/\/www.airbnb.fr\/\">AirBnB<\/a> ou <a href=\"https:\/\/www.tripadvisor.fr\/\">Tripadvisor<\/a>. Nous avons une solution. Vous avez le choix entre de nombreuses prestations: de la gestions des locataires ; de l&rsquo;entretien int\u00e9rieur, ext\u00e9rieur ou de v\u00e9hicule ; Des visites r\u00e9guli\u00e8res ; Nous pouvons vous mettre en relation avec des artisans et superviser les travaux sur votre bien ; Nous vous fournissons une assistance technique et administrative. Notre connaissance du march\u00e9 nous permet de vous conseiller. En effet, grace \u00e0 nos services, la valeur de votre offre locative sera d\u00e9cupl\u00e9. Cela affectera directement vos revenus li\u00e9s \u00e0 cet investissement. Il ne vous reste plus qu&rsquo;\u00e0 <a href=\"https:\/\/provence-home-intendance.fr\/en\/provence-home-intendance\/contact\/\">nous contacter <\/a>afin que l&rsquo;on vous fournisse la meilleure solution possible.<\/p>\n\n\n\n<figure class=\"wp-block-image size-large is-style-default\"><img loading=\"lazy\" decoding=\"async\" width=\"1024\" height=\"683\" src=\"https:\/\/provence-home-intendance.fr\/wp-content\/uploads\/2022\/05\/sunflower-2179011-1024x683.jpg\" alt=\"Provence Home Intendance vous propose une \u00e9quipe jeune, dynamique, cr\u00e9ative et multi-linguiste. D\u00e9couvrez-en plus!\" class=\"wp-image-29528\" srcset=\"https:\/\/provence-home-intendance.fr\/wp-content\/uploads\/2022\/05\/sunflower-2179011-1024x683.jpg 1024w, https:\/\/provence-home-intendance.fr\/wp-content\/uploads\/2022\/05\/sunflower-2179011-300x200.jpg 300w, https:\/\/provence-home-intendance.fr\/wp-content\/uploads\/2022\/05\/sunflower-2179011-768x512.jpg 768w, https:\/\/provence-home-intendance.fr\/wp-content\/uploads\/2022\/05\/sunflower-2179011-1536x1024.jpg 1536w, https:\/\/provence-home-intendance.fr\/wp-content\/uploads\/2022\/05\/sunflower-2179011-2048x1365.jpg 2048w, https:\/\/provence-home-intendance.fr\/wp-content\/uploads\/2022\/05\/sunflower-2179011-18x12.jpg 18w\" sizes=\"auto, (max-width: 1024px) 100vw, 1024px\" \/><figcaption>Equipe &#8211; <a href=\"https:\/\/provence-home-intendance.fr\/en\/provence-home-intendance\">Provence Home Intendance<\/a><\/figcaption><\/figure>","protected":false},"excerpt":{"rendered":"<p>Equipe &#8211; Provence Home Intendance Provence Home Intendance vous propose une \u00e9quipe jeune, dynamique, cr\u00e9ative et multi-linguiste. D\u00e9couvrez-en plus! Notre \u00e9quipe se d\u00e9m\u00e8ne pour vous apporter les meilleures solutions afin de vous faire profiter de votre bien en toute tranquillit\u00e9. Pourquoi la Provence ? La mise en valeur de notre r\u00e9gion nous tient \u00e0 c\u0153ur.<\/p>\n<div><a class=\"btn-filled btn\" href=\"https:\/\/provence-home-intendance.fr\/en\/provence-home-intendance\/qui-sommes-nous\/lequipe\/\" title=\"The Team\">Read More<\/a><\/div>","protected":false},"author":1,"featured_media":0,"parent":29052,"menu_order":0,"comment_status":"closed","ping_status":"closed","template":"page-templates\/template-widget.php","meta":{"content-type":"","inline_featured_image":false,"footnotes":""},"class_list":["post-29116","page","type-page","status-publish","hentry"],"yoast_head":"<!-- This site is optimized with the Yoast SEO plugin v24.9 - https:\/\/yoast.com\/wordpress\/plugins\/seo\/ -->\n<title>L&#039;Equipe - Provence Home Intendance<\/title>\n<meta name=\"description\" content=\"Provence Home Intendance vous propose une \u00e9quipe jeune, dynamique, cr\u00e9ative et multi-linguiste. D\u00e9couvrez-en plus!\" \/>\n<meta name=\"robots\" content=\"index, follow, max-snippet:-1, max-image-preview:large, max-video-preview:-1\" \/>\n<link rel=\"canonical\" href=\"https:\/\/provence-home-intendance.fr\/en\/provence-home-intendance\/qui-sommes-nous\/lequipe\/\" \/>\n<meta property=\"og:locale\" content=\"en_GB\" \/>\n<meta property=\"og:type\" content=\"article\" \/>\n<meta property=\"og:title\" content=\"L&#039;Equipe - Provence Home Intendance\" \/>\n<meta property=\"og:description\" content=\"Provence Home Intendance vous propose une \u00e9quipe jeune, dynamique, cr\u00e9ative et multi-linguiste. D\u00e9couvrez-en plus!\" \/>\n<meta property=\"og:url\" content=\"https:\/\/provence-home-intendance.fr\/en\/provence-home-intendance\/qui-sommes-nous\/lequipe\/\" \/>\n<meta property=\"og:site_name\" content=\"Provence Home Intendance\" \/>\n<meta property=\"article:modified_time\" content=\"2022-05-17T11:03:28+00:00\" \/>\n<meta property=\"og:image\" content=\"https:\/\/provence-home-intendance.fr\/wp-content\/uploads\/2022\/05\/sunflower-2179011-1024x683.jpg\" \/>\n<meta name=\"twitter:card\" content=\"summary_large_image\" \/>\n<meta name=\"twitter:label1\" content=\"Estimated reading time\" \/>\n\t<meta name=\"twitter:data1\" content=\"2 minutes\" \/>\n<script type=\"application\/ld+json\" class=\"yoast-schema-graph\">{\"@context\":\"https:\/\/schema.org\",\"@graph\":[{\"@type\":\"WebPage\",\"@id\":\"https:\/\/provence-home-intendance.fr\/provence-home-intendance\/qui-sommes-nous\/lequipe\/\",\"url\":\"https:\/\/provence-home-intendance.fr\/provence-home-intendance\/qui-sommes-nous\/lequipe\/\",\"name\":\"L'Equipe - Provence Home Intendance\",\"isPartOf\":{\"@id\":\"https:\/\/provence-home-intendance.fr\/#website\"},\"primaryImageOfPage\":{\"@id\":\"https:\/\/provence-home-intendance.fr\/provence-home-intendance\/qui-sommes-nous\/lequipe\/#primaryimage\"},\"image\":{\"@id\":\"https:\/\/provence-home-intendance.fr\/provence-home-intendance\/qui-sommes-nous\/lequipe\/#primaryimage\"},\"thumbnailUrl\":\"https:\/\/provence-home-intendance.fr\/wp-content\/uploads\/2022\/05\/sunflower-2179011-1024x683.jpg\",\"datePublished\":\"2022-04-04T08:07:04+00:00\",\"dateModified\":\"2022-05-17T11:03:28+00:00\",\"description\":\"Provence Home Intendance vous propose une \u00e9quipe jeune, dynamique, cr\u00e9ative et multi-linguiste. D\u00e9couvrez-en plus!\",\"breadcrumb\":{\"@id\":\"https:\/\/provence-home-intendance.fr\/provence-home-intendance\/qui-sommes-nous\/lequipe\/#breadcrumb\"},\"inLanguage\":\"en-GB\",\"potentialAction\":[{\"@type\":\"ReadAction\",\"target\":[\"https:\/\/provence-home-intendance.fr\/provence-home-intendance\/qui-sommes-nous\/lequipe\/\"]}]},{\"@type\":\"ImageObject\",\"inLanguage\":\"en-GB\",\"@id\":\"https:\/\/provence-home-intendance.fr\/provence-home-intendance\/qui-sommes-nous\/lequipe\/#primaryimage\",\"url\":\"https:\/\/provence-home-intendance.fr\/wp-content\/uploads\/2022\/05\/sunflower-2179011-1024x683.jpg\",\"contentUrl\":\"https:\/\/provence-home-intendance.fr\/wp-content\/uploads\/2022\/05\/sunflower-2179011-1024x683.jpg\"},{\"@type\":\"BreadcrumbList\",\"@id\":\"https:\/\/provence-home-intendance.fr\/provence-home-intendance\/qui-sommes-nous\/lequipe\/#breadcrumb\",\"itemListElement\":[{\"@type\":\"ListItem\",\"position\":1,\"name\":\"Accueil\",\"item\":\"https:\/\/provence-home-intendance.fr\/\"},{\"@type\":\"ListItem\",\"position\":2,\"name\":\"Provence Home Intendance\",\"item\":\"https:\/\/provence-home-intendance.fr\/\"},{\"@type\":\"ListItem\",\"position\":3,\"name\":\"Qui sommes-nous?\",\"item\":\"https:\/\/provence-home-intendance.fr\/provence-home-intendance\/qui-sommes-nous\/\"},{\"@type\":\"ListItem\",\"position\":4,\"name\":\"L&#8217;Equipe\"}]},{\"@type\":\"WebSite\",\"@id\":\"https:\/\/provence-home-intendance.fr\/#website\",\"url\":\"https:\/\/provence-home-intendance.fr\/\",\"name\":\"Provence Home Intendance\",\"description\":\"\",\"publisher\":{\"@id\":\"https:\/\/provence-home-intendance.fr\/#organization\"},\"inLanguage\":\"en-GB\"},{\"@type\":\"Organization\",\"@id\":\"https:\/\/provence-home-intendance.fr\/#organization\",\"name\":\"Provence Home Intendance\",\"url\":\"https:\/\/provence-home-intendance.fr\/\",\"logo\":{\"@type\":\"ImageObject\",\"inLanguage\":\"en-GB\",\"@id\":\"https:\/\/provence-home-intendance.fr\/#\/schema\/logo\/image\/\",\"url\":\"https:\/\/provence-home-intendance.fr\/wp-content\/uploads\/2021\/10\/cropped-Banniere-PHI2.png\",\"contentUrl\":\"https:\/\/provence-home-intendance.fr\/wp-content\/uploads\/2021\/10\/cropped-Banniere-PHI2.png\",\"width\":1800,\"height\":500,\"caption\":\"Provence Home Intendance\"},\"image\":{\"@id\":\"https:\/\/provence-home-intendance.fr\/#\/schema\/logo\/image\/\"}}]}<\/script>\n<!-- \/ Yoast SEO plugin. -->","yoast_head_json":{"title":"L'Equipe - Provence Home Intendance","description":"Provence Home Intendance vous propose une \u00e9quipe jeune, dynamique, cr\u00e9ative et multi-linguiste. D\u00e9couvrez-en plus!","robots":{"index":"index","follow":"follow","max-snippet":"max-snippet:-1","max-image-preview":"max-image-preview:large","max-video-preview":"max-video-preview:-1"},"canonical":"https:\/\/provence-home-intendance.fr\/en\/provence-home-intendance\/qui-sommes-nous\/lequipe\/","og_locale":"en_GB","og_type":"article","og_title":"L'Equipe - Provence Home Intendance","og_description":"Provence Home Intendance vous propose une \u00e9quipe jeune, dynamique, cr\u00e9ative et multi-linguiste. D\u00e9couvrez-en plus!","og_url":"https:\/\/provence-home-intendance.fr\/en\/provence-home-intendance\/qui-sommes-nous\/lequipe\/","og_site_name":"Provence Home Intendance","article_modified_time":"2022-05-17T11:03:28+00:00","og_image":[{"url":"https:\/\/provence-home-intendance.fr\/wp-content\/uploads\/2022\/05\/sunflower-2179011-1024x683.jpg","type":"","width":"","height":""}],"twitter_card":"summary_large_image","twitter_misc":{"Estimated reading time":"2 minutes"},"schema":{"@context":"https:\/\/schema.org","@graph":[{"@type":"WebPage","@id":"https:\/\/provence-home-intendance.fr\/provence-home-intendance\/qui-sommes-nous\/lequipe\/","url":"https:\/\/provence-home-intendance.fr\/provence-home-intendance\/qui-sommes-nous\/lequipe\/","name":"L'Equipe - Provence Home Intendance","isPartOf":{"@id":"https:\/\/provence-home-intendance.fr\/#website"},"primaryImageOfPage":{"@id":"https:\/\/provence-home-intendance.fr\/provence-home-intendance\/qui-sommes-nous\/lequipe\/#primaryimage"},"image":{"@id":"https:\/\/provence-home-intendance.fr\/provence-home-intendance\/qui-sommes-nous\/lequipe\/#primaryimage"},"thumbnailUrl":"https:\/\/provence-home-intendance.fr\/wp-content\/uploads\/2022\/05\/sunflower-2179011-1024x683.jpg","datePublished":"2022-04-04T08:07:04+00:00","dateModified":"2022-05-17T11:03:28+00:00","description":"Provence Home Intendance vous propose une \u00e9quipe jeune, dynamique, cr\u00e9ative et multi-linguiste. D\u00e9couvrez-en plus!","breadcrumb":{"@id":"https:\/\/provence-home-intendance.fr\/provence-home-intendance\/qui-sommes-nous\/lequipe\/#breadcrumb"},"inLanguage":"en-GB","potentialAction":[{"@type":"ReadAction","target":["https:\/\/provence-home-intendance.fr\/provence-home-intendance\/qui-sommes-nous\/lequipe\/"]}]},{"@type":"ImageObject","inLanguage":"en-GB","@id":"https:\/\/provence-home-intendance.fr\/provence-home-intendance\/qui-sommes-nous\/lequipe\/#primaryimage","url":"https:\/\/provence-home-intendance.fr\/wp-content\/uploads\/2022\/05\/sunflower-2179011-1024x683.jpg","contentUrl":"https:\/\/provence-home-intendance.fr\/wp-content\/uploads\/2022\/05\/sunflower-2179011-1024x683.jpg"},{"@type":"BreadcrumbList","@id":"https:\/\/provence-home-intendance.fr\/provence-home-intendance\/qui-sommes-nous\/lequipe\/#breadcrumb","itemListElement":[{"@type":"ListItem","position":1,"name":"Accueil","item":"https:\/\/provence-home-intendance.fr\/"},{"@type":"ListItem","position":2,"name":"Provence Home Intendance","item":"https:\/\/provence-home-intendance.fr\/"},{"@type":"ListItem","position":3,"name":"Qui sommes-nous?","item":"https:\/\/provence-home-intendance.fr\/provence-home-intendance\/qui-sommes-nous\/"},{"@type":"ListItem","position":4,"name":"L&#8217;Equipe"}]},{"@type":"WebSite","@id":"https:\/\/provence-home-intendance.fr\/#website","url":"https:\/\/provence-home-intendance.fr\/","name":"Provence Home Intendance","description":"","publisher":{"@id":"https:\/\/provence-home-intendance.fr\/#organization"},"inLanguage":"en-GB"},{"@type":"Organization","@id":"https:\/\/provence-home-intendance.fr\/#organization","name":"Provence Home Intendance","url":"https:\/\/provence-home-intendance.fr\/","logo":{"@type":"ImageObject","inLanguage":"en-GB","@id":"https:\/\/provence-home-intendance.fr\/#\/schema\/logo\/image\/","url":"https:\/\/provence-home-intendance.fr\/wp-content\/uploads\/2021\/10\/cropped-Banniere-PHI2.png","contentUrl":"https:\/\/provence-home-intendance.fr\/wp-content\/uploads\/2021\/10\/cropped-Banniere-PHI2.png","width":1800,"height":500,"caption":"Provence Home Intendance"},"image":{"@id":"https:\/\/provence-home-intendance.fr\/#\/schema\/logo\/image\/"}}]}},"_links":{"self":[{"href":"https:\/\/provence-home-intendance.fr\/en\/wp-json\/wp\/v2\/pages\/29116","targetHints":{"allow":["GET"]}}],"collection":[{"href":"https:\/\/provence-home-intendance.fr\/en\/wp-json\/wp\/v2\/pages"}],"about":[{"href":"https:\/\/provence-home-intendance.fr\/en\/wp-json\/wp\/v2\/types\/page"}],"author":[{"embeddable":true,"href":"https:\/\/provence-home-intendance.fr\/en\/wp-json\/wp\/v2\/users\/1"}],"replies":[{"embeddable":true,"href":"https:\/\/provence-home-intendance.fr\/en\/wp-json\/wp\/v2\/comments?post=29116"}],"version-history":[{"count":5,"href":"https:\/\/provence-home-intendance.fr\/en\/wp-json\/wp\/v2\/pages\/29116\/revisions"}],"predecessor-version":[{"id":29603,"href":"https:\/\/provence-home-intendance.fr\/en\/wp-json\/wp\/v2\/pages\/29116\/revisions\/29603"}],"up":[{"embeddable":true,"href":"https:\/\/provence-home-intendance.fr\/en\/wp-json\/wp\/v2\/pages\/29052"}],"wp:attachment":[{"href":"https:\/\/provence-home-intendance.fr\/en\/wp-json\/wp\/v2\/media?parent=29116"}],"curies":[{"name":"wp","href":"https:\/\/api.w.org\/{rel}","templated":true}]}}