{"id":29118,"date":"2022-04-04T03:08:07","date_gmt":"2022-04-04T01:08:07","guid":{"rendered":"https:\/\/provence-home-intendance.fr\/?page_id=29118"},"modified":"2022-05-17T13:02:46","modified_gmt":"2022-05-17T11:02:46","slug":"services","status":"publish","type":"page","link":"https:\/\/provence-home-intendance.fr\/en\/provence-home-intendance\/services\/","title":{"rendered":"Services"},"content":{"rendered":"<h3 class=\"wp-block-heading\">Services Conciergerie Provence<\/h3>\n\n\n\n<p>Les services de conciergerie de <a href=\"https:\/\/provence-home-intendance.fr\/en\/provence-home-intendance\">Provence Home Intendance<\/a> s&rsquo;adaptent \u00e0 chaque propri\u00e9taire. <a href=\"https:\/\/provence-home-intendance.fr\/en\/provence-home-intendance\/services\/gestion-locative\/\">Gestion locative<\/a> ou <a href=\"https:\/\/provence-home-intendance.fr\/en\/provence-home-intendance\/services\/gestion-residences\/\">gestion de r\u00e9sidence secondaire<\/a>. En effet nous pouvons proposer une solution \u00e0 chaque type de propri\u00e9taire de r\u00e9sidence secondaire. Il y a en effet deux typologie de propri\u00e9taire dans nos clients. Le propri\u00e9taire d&rsquo;un bien secondaire qui est r\u00e9serv\u00e9 \u00e0 son usage personnel ; Le propri\u00e9taire d&rsquo;un bien secondaire qui repr\u00e9sente d&rsquo;avantage un investissement financier. Ce dernier bien est \u00e0 destination de la location saisonni\u00e8re. Gr\u00e2ce \u00e0 location \u00e0 travers diff\u00e9rentes plateformes qui permettent de proposer la propri\u00e9t\u00e9 \u00e0 des vacanciers en voyage. Comme dit pr\u00e9c\u00e9demment, nos services s&rsquo;adaptent aux deux types de client\u00e8le. En effet nous proposons diff\u00e9rentes prestations qui r\u00e9pondront \u00e0 vos besoins. Pour autant, si vous ne trouvez pas dans nos services une r\u00e9ponse \u00e0 nos besoins. Vous avez la possibilit\u00e9 de <a href=\"https:\/\/provence-home-intendance.fr\/en\/provence-home-intendance\/contact\/\">nous contacter<\/a>. Notamment car le sur-mesure est <a href=\"https:\/\/provence-home-intendance.fr\/en\/provence-home-intendance\/qui-sommes-nous\/valeurs\/\">dans notre ADN<\/a>. Provence Home Intendance fera tout sons possible pour vous apporter une solution.<\/p>\n\n\n\n<h3 class=\"wp-block-heading\">Holiday House Management<\/h3>\n\n\n\n<p>Propri\u00e9taire d&rsquo;une r\u00e9sidence secondaire en Provence ? Cette derni\u00e8re vous demande trop de temps ? Vous n&rsquo;avez pas l&rsquo;envie de vous en occuper ? Avec Provence Home Intendance, profitez d&rsquo;une propri\u00e9t\u00e9 soign\u00e9e et entretenue des votre arriv\u00e9e. Nous savons que l&rsquo;\u00e9loignement de votre bien peut \u00eatre un facteur de stress important. C&rsquo;est pourquoi nous vous assurons une liaison en continu avec notre \u00e9quipe. Votre deuxi\u00e8me maison est entre de bonnes mains tout au long de l\u2019ann\u00e9e afin de garantir votre s\u00e9r\u00e9nit\u00e9.<\/p>\n\n\n\n<h3 class=\"wp-block-heading\">Rental Management <\/h3>\n\n\n\n<p>Vous poss\u00e9dez un bien destin\u00e9 \u00e0 la location saisonni\u00e8re dont vous n\u2019avez pas le temps de vous occuper ? Vous souhaitez avoir la garantie  ? Nous proposons diff\u00e9rents services adapt\u00e9s \u00e0 chaque logement. Vous aurez la garantie de le louer rapidement et dans les meilleures conditions. En cons\u00e9quence vous obtiendrez un meilleur <a href=\"https:\/\/www.creerentreprise.fr\/taux-remplissage-occupation-hotel-restaurant-calcul-moyen\/#:~:text=D%C3%A9finition%20%3A%20le%20taux%20de%20remplissage,ou%20le%20camping%20(emplacements).\">taux de remplissage<\/a>. Chaque bien locatif est unique, c&rsquo;est pourquoi nous proposons nos services exclusivement \u00e0 la carte. Jetez un oeil \u00e0 toutes nos prestations ci-dessous. Si vous ne trouvez pas votre bonheur, contactez-nous. Nous vous apporterons des solutions concr\u00e8tes.<\/p>\n\n\n\n<figure class=\"wp-block-image size-large\"><img loading=\"lazy\" decoding=\"async\" width=\"1024\" height=\"576\" src=\"https:\/\/provence-home-intendance.fr\/wp-content\/uploads\/2022\/05\/pexels-kindel-media-7294665-1024x576.jpg\" alt=\"Les services de conciergerie de Provence Home Intendance s'adaptent \u00e0 chaque propri\u00e9taire. Gestion locative ou gestion de r\u00e9sidence secondaire\" class=\"wp-image-29537\" srcset=\"https:\/\/provence-home-intendance.fr\/wp-content\/uploads\/2022\/05\/pexels-kindel-media-7294665-1024x576.jpg 1024w, https:\/\/provence-home-intendance.fr\/wp-content\/uploads\/2022\/05\/pexels-kindel-media-7294665-300x169.jpg 300w, https:\/\/provence-home-intendance.fr\/wp-content\/uploads\/2022\/05\/pexels-kindel-media-7294665-768x432.jpg 768w, https:\/\/provence-home-intendance.fr\/wp-content\/uploads\/2022\/05\/pexels-kindel-media-7294665-1536x864.jpg 1536w, https:\/\/provence-home-intendance.fr\/wp-content\/uploads\/2022\/05\/pexels-kindel-media-7294665-2048x1152.jpg 2048w, https:\/\/provence-home-intendance.fr\/wp-content\/uploads\/2022\/05\/pexels-kindel-media-7294665-18x10.jpg 18w\" sizes=\"auto, (max-width: 1024px) 100vw, 1024px\" \/><figcaption>Services Conciergerie Provence &#8211; <a href=\"https:\/\/provence-home-intendance.fr\/en\/provence-home-intendance\">Provence Home Intendance<\/a><\/figcaption><\/figure>","protected":false},"excerpt":{"rendered":"<p>Services Conciergerie Provence Les services de conciergerie de Provence Home Intendance s&rsquo;adaptent \u00e0 chaque propri\u00e9taire. Gestion locative ou gestion de r\u00e9sidence secondaire. En effet nous pouvons proposer une solution \u00e0 chaque type de propri\u00e9taire de r\u00e9sidence secondaire. Il y a en effet deux typologie de propri\u00e9taire dans nos clients. Le propri\u00e9taire d&rsquo;un bien secondaire qui<\/p>\n<div><a class=\"btn-filled btn\" href=\"https:\/\/provence-home-intendance.fr\/en\/provence-home-intendance\/services\/\" title=\"Services\">Read More<\/a><\/div>","protected":false},"author":1,"featured_media":0,"parent":28847,"menu_order":1,"comment_status":"closed","ping_status":"closed","template":"page-templates\/template-widget.php","meta":{"content-type":"","inline_featured_image":false,"footnotes":""},"class_list":["post-29118","page","type-page","status-publish","hentry"],"yoast_head":"<!-- This site is optimized with the Yoast SEO plugin v24.9 - https:\/\/yoast.com\/wordpress\/plugins\/seo\/ -->\n<title>Services Conciergerie Provence - Provence Home Intendance<\/title>\n<meta name=\"description\" content=\"Les services de conciergerie de Provence Home Intendance s&#039;adaptent \u00e0 chaque propri\u00e9taire. Gestion locative ou gestion de r\u00e9sidence secondaire\" \/>\n<meta name=\"robots\" content=\"index, follow, max-snippet:-1, max-image-preview:large, max-video-preview:-1\" \/>\n<link rel=\"canonical\" href=\"https:\/\/provence-home-intendance.fr\/en\/provence-home-intendance\/services\/\" \/>\n<meta property=\"og:locale\" content=\"en_GB\" \/>\n<meta property=\"og:type\" content=\"article\" \/>\n<meta property=\"og:title\" content=\"Services Conciergerie Provence - Provence Home Intendance\" \/>\n<meta property=\"og:description\" content=\"Les services de conciergerie de Provence Home Intendance s&#039;adaptent \u00e0 chaque propri\u00e9taire. Gestion locative ou gestion de r\u00e9sidence secondaire\" \/>\n<meta property=\"og:url\" content=\"https:\/\/provence-home-intendance.fr\/en\/provence-home-intendance\/services\/\" \/>\n<meta property=\"og:site_name\" content=\"Provence Home Intendance\" \/>\n<meta property=\"article:modified_time\" content=\"2022-05-17T11:02:46+00:00\" \/>\n<meta property=\"og:image\" content=\"https:\/\/provence-home-intendance.fr\/wp-content\/uploads\/2022\/05\/pexels-kindel-media-7294665-1024x576.jpg\" \/>\n<meta name=\"twitter:card\" content=\"summary_large_image\" \/>\n<meta name=\"twitter:label1\" content=\"Estimated reading time\" \/>\n\t<meta name=\"twitter:data1\" content=\"2 minutes\" \/>\n<script type=\"application\/ld+json\" class=\"yoast-schema-graph\">{\"@context\":\"https:\/\/schema.org\",\"@graph\":[{\"@type\":\"WebPage\",\"@id\":\"https:\/\/provence-home-intendance.fr\/provence-home-intendance\/services\/\",\"url\":\"https:\/\/provence-home-intendance.fr\/provence-home-intendance\/services\/\",\"name\":\"Services Conciergerie Provence - Provence Home Intendance\",\"isPartOf\":{\"@id\":\"https:\/\/provence-home-intendance.fr\/#website\"},\"primaryImageOfPage\":{\"@id\":\"https:\/\/provence-home-intendance.fr\/provence-home-intendance\/services\/#primaryimage\"},\"image\":{\"@id\":\"https:\/\/provence-home-intendance.fr\/provence-home-intendance\/services\/#primaryimage\"},\"thumbnailUrl\":\"https:\/\/provence-home-intendance.fr\/wp-content\/uploads\/2022\/05\/pexels-kindel-media-7294665-1024x576.jpg\",\"datePublished\":\"2022-04-04T01:08:07+00:00\",\"dateModified\":\"2022-05-17T11:02:46+00:00\",\"description\":\"Les services de conciergerie de Provence Home Intendance s'adaptent \u00e0 chaque propri\u00e9taire. Gestion locative ou gestion de r\u00e9sidence secondaire\",\"breadcrumb\":{\"@id\":\"https:\/\/provence-home-intendance.fr\/provence-home-intendance\/services\/#breadcrumb\"},\"inLanguage\":\"en-GB\",\"potentialAction\":[{\"@type\":\"ReadAction\",\"target\":[\"https:\/\/provence-home-intendance.fr\/provence-home-intendance\/services\/\"]}]},{\"@type\":\"ImageObject\",\"inLanguage\":\"en-GB\",\"@id\":\"https:\/\/provence-home-intendance.fr\/provence-home-intendance\/services\/#primaryimage\",\"url\":\"https:\/\/provence-home-intendance.fr\/wp-content\/uploads\/2022\/05\/pexels-kindel-media-7294665-1024x576.jpg\",\"contentUrl\":\"https:\/\/provence-home-intendance.fr\/wp-content\/uploads\/2022\/05\/pexels-kindel-media-7294665-1024x576.jpg\"},{\"@type\":\"BreadcrumbList\",\"@id\":\"https:\/\/provence-home-intendance.fr\/provence-home-intendance\/services\/#breadcrumb\",\"itemListElement\":[{\"@type\":\"ListItem\",\"position\":1,\"name\":\"Accueil\",\"item\":\"https:\/\/provence-home-intendance.fr\/\"},{\"@type\":\"ListItem\",\"position\":2,\"name\":\"Provence Home Intendance\",\"item\":\"https:\/\/provence-home-intendance.fr\/\"},{\"@type\":\"ListItem\",\"position\":3,\"name\":\"Services\"}]},{\"@type\":\"WebSite\",\"@id\":\"https:\/\/provence-home-intendance.fr\/#website\",\"url\":\"https:\/\/provence-home-intendance.fr\/\",\"name\":\"Provence Home Intendance\",\"description\":\"\",\"publisher\":{\"@id\":\"https:\/\/provence-home-intendance.fr\/#organization\"},\"inLanguage\":\"en-GB\"},{\"@type\":\"Organization\",\"@id\":\"https:\/\/provence-home-intendance.fr\/#organization\",\"name\":\"Provence Home Intendance\",\"url\":\"https:\/\/provence-home-intendance.fr\/\",\"logo\":{\"@type\":\"ImageObject\",\"inLanguage\":\"en-GB\",\"@id\":\"https:\/\/provence-home-intendance.fr\/#\/schema\/logo\/image\/\",\"url\":\"https:\/\/provence-home-intendance.fr\/wp-content\/uploads\/2021\/10\/cropped-Banniere-PHI2.png\",\"contentUrl\":\"https:\/\/provence-home-intendance.fr\/wp-content\/uploads\/2021\/10\/cropped-Banniere-PHI2.png\",\"width\":1800,\"height\":500,\"caption\":\"Provence Home Intendance\"},\"image\":{\"@id\":\"https:\/\/provence-home-intendance.fr\/#\/schema\/logo\/image\/\"}}]}<\/script>\n<!-- \/ Yoast SEO plugin. -->","yoast_head_json":{"title":"Services Conciergerie Provence - Provence Home Intendance","description":"Les services de conciergerie de Provence Home Intendance s'adaptent \u00e0 chaque propri\u00e9taire. Gestion locative ou gestion de r\u00e9sidence secondaire","robots":{"index":"index","follow":"follow","max-snippet":"max-snippet:-1","max-image-preview":"max-image-preview:large","max-video-preview":"max-video-preview:-1"},"canonical":"https:\/\/provence-home-intendance.fr\/en\/provence-home-intendance\/services\/","og_locale":"en_GB","og_type":"article","og_title":"Services Conciergerie Provence - Provence Home Intendance","og_description":"Les services de conciergerie de Provence Home Intendance s'adaptent \u00e0 chaque propri\u00e9taire. Gestion locative ou gestion de r\u00e9sidence secondaire","og_url":"https:\/\/provence-home-intendance.fr\/en\/provence-home-intendance\/services\/","og_site_name":"Provence Home Intendance","article_modified_time":"2022-05-17T11:02:46+00:00","og_image":[{"url":"https:\/\/provence-home-intendance.fr\/wp-content\/uploads\/2022\/05\/pexels-kindel-media-7294665-1024x576.jpg","type":"","width":"","height":""}],"twitter_card":"summary_large_image","twitter_misc":{"Estimated reading time":"2 minutes"},"schema":{"@context":"https:\/\/schema.org","@graph":[{"@type":"WebPage","@id":"https:\/\/provence-home-intendance.fr\/provence-home-intendance\/services\/","url":"https:\/\/provence-home-intendance.fr\/provence-home-intendance\/services\/","name":"Services Conciergerie Provence - Provence Home Intendance","isPartOf":{"@id":"https:\/\/provence-home-intendance.fr\/#website"},"primaryImageOfPage":{"@id":"https:\/\/provence-home-intendance.fr\/provence-home-intendance\/services\/#primaryimage"},"image":{"@id":"https:\/\/provence-home-intendance.fr\/provence-home-intendance\/services\/#primaryimage"},"thumbnailUrl":"https:\/\/provence-home-intendance.fr\/wp-content\/uploads\/2022\/05\/pexels-kindel-media-7294665-1024x576.jpg","datePublished":"2022-04-04T01:08:07+00:00","dateModified":"2022-05-17T11:02:46+00:00","description":"Les services de conciergerie de Provence Home Intendance s'adaptent \u00e0 chaque propri\u00e9taire. Gestion locative ou gestion de r\u00e9sidence secondaire","breadcrumb":{"@id":"https:\/\/provence-home-intendance.fr\/provence-home-intendance\/services\/#breadcrumb"},"inLanguage":"en-GB","potentialAction":[{"@type":"ReadAction","target":["https:\/\/provence-home-intendance.fr\/provence-home-intendance\/services\/"]}]},{"@type":"ImageObject","inLanguage":"en-GB","@id":"https:\/\/provence-home-intendance.fr\/provence-home-intendance\/services\/#primaryimage","url":"https:\/\/provence-home-intendance.fr\/wp-content\/uploads\/2022\/05\/pexels-kindel-media-7294665-1024x576.jpg","contentUrl":"https:\/\/provence-home-intendance.fr\/wp-content\/uploads\/2022\/05\/pexels-kindel-media-7294665-1024x576.jpg"},{"@type":"BreadcrumbList","@id":"https:\/\/provence-home-intendance.fr\/provence-home-intendance\/services\/#breadcrumb","itemListElement":[{"@type":"ListItem","position":1,"name":"Accueil","item":"https:\/\/provence-home-intendance.fr\/"},{"@type":"ListItem","position":2,"name":"Provence Home Intendance","item":"https:\/\/provence-home-intendance.fr\/"},{"@type":"ListItem","position":3,"name":"Services"}]},{"@type":"WebSite","@id":"https:\/\/provence-home-intendance.fr\/#website","url":"https:\/\/provence-home-intendance.fr\/","name":"Provence Home Intendance","description":"","publisher":{"@id":"https:\/\/provence-home-intendance.fr\/#organization"},"inLanguage":"en-GB"},{"@type":"Organization","@id":"https:\/\/provence-home-intendance.fr\/#organization","name":"Provence Home Intendance","url":"https:\/\/provence-home-intendance.fr\/","logo":{"@type":"ImageObject","inLanguage":"en-GB","@id":"https:\/\/provence-home-intendance.fr\/#\/schema\/logo\/image\/","url":"https:\/\/provence-home-intendance.fr\/wp-content\/uploads\/2021\/10\/cropped-Banniere-PHI2.png","contentUrl":"https:\/\/provence-home-intendance.fr\/wp-content\/uploads\/2021\/10\/cropped-Banniere-PHI2.png","width":1800,"height":500,"caption":"Provence Home Intendance"},"image":{"@id":"https:\/\/provence-home-intendance.fr\/#\/schema\/logo\/image\/"}}]}},"_links":{"self":[{"href":"https:\/\/provence-home-intendance.fr\/en\/wp-json\/wp\/v2\/pages\/29118","targetHints":{"allow":["GET"]}}],"collection":[{"href":"https:\/\/provence-home-intendance.fr\/en\/wp-json\/wp\/v2\/pages"}],"about":[{"href":"https:\/\/provence-home-intendance.fr\/en\/wp-json\/wp\/v2\/types\/page"}],"author":[{"embeddable":true,"href":"https:\/\/provence-home-intendance.fr\/en\/wp-json\/wp\/v2\/users\/1"}],"replies":[{"embeddable":true,"href":"https:\/\/provence-home-intendance.fr\/en\/wp-json\/wp\/v2\/comments?post=29118"}],"version-history":[{"count":5,"href":"https:\/\/provence-home-intendance.fr\/en\/wp-json\/wp\/v2\/pages\/29118\/revisions"}],"predecessor-version":[{"id":29561,"href":"https:\/\/provence-home-intendance.fr\/en\/wp-json\/wp\/v2\/pages\/29118\/revisions\/29561"}],"up":[{"embeddable":true,"href":"https:\/\/provence-home-intendance.fr\/en\/wp-json\/wp\/v2\/pages\/28847"}],"wp:attachment":[{"href":"https:\/\/provence-home-intendance.fr\/en\/wp-json\/wp\/v2\/media?parent=29118"}],"curies":[{"name":"wp","href":"https:\/\/api.w.org\/{rel}","templated":true}]}}