{"id":29177,"date":"2022-04-04T22:32:41","date_gmt":"2022-04-04T20:32:41","guid":{"rendered":"https:\/\/provence-home-intendance.fr\/?page_id=29177"},"modified":"2022-05-19T20:59:18","modified_gmt":"2022-05-19T18:59:18","slug":"contact-professionnel","status":"publish","type":"page","link":"https:\/\/provence-home-intendance.fr\/en\/provence-home-intendance\/contact\/contact-professionnel\/","title":{"rendered":"Contact Professionnel"},"content":{"rendered":"<p>Contact Professionnel ; Nous recherchons activement des artisans r\u00e9gionaux avec lesquelles d\u00e9velopper un <a href=\"https:\/\/fr.wikipedia.org\/wiki\/Partenariat\">partenariat durable<\/a>. Contactez-nous!<\/p>\n\n\n\n<p>Provence Home Intendance souhaite se positionner comme la premi\u00e8re conciergerie \u00e0 destination des propri\u00e9taires de biens secondaires en Provence. Nous sommes deux associ\u00e9s de la r\u00e9gion. Nous nous occupons de la <a href=\"https:\/\/provence-home-intendance.fr\/en\/provence-home-intendance\/services\/\">gestion de biens secondaires<\/a>. Ceux, dont les propri\u00e9taires ne sont pas sur place et n&rsquo;ont pas l&rsquo;envie \/ le temps de s&rsquo;en occuper. Nous poss\u00e9dons donc un r\u00e9seau d&rsquo;artisans provenant de corps de m\u00e9tier diff\u00e9rents. Ce r\u00e9seau est compos\u00e9 d&rsquo;experts locaux. Notre souhait principal est de participer \u00e0 la <a href=\"https:\/\/provence-home-intendance.fr\/en\/provence-home-intendance\/qui-sommes-nous\/valeurs\/\">stimulation de l&rsquo;\u00e9conomie locale<\/a>.<\/p>\n\n\n\n<h3 class=\"wp-block-heading\"><a href=\"https:\/\/provence-home-intendance.fr\/en\/provence-home-intendance\/contact\/contact-professionnel\/\">Contact professionnel <\/a>; Pourquoi ?<\/h3>\n\n\n\n<p>Vous \u00eates expert de votre domaine et b\u00e9n\u00e9ficiez d&rsquo;une solide r\u00e9putation, c&rsquo;est pour cela que nous avons besoin de vous ! Afin de r\u00e9pondre aux attentes et besoins de <a href=\"https:\/\/provence-home-intendance.fr\/en\/provence-home-intendance\/services\/\">nos clients<\/a>. Nous souhaitons faire appel \u00e0 vos comp\u00e9tences. Pour cela nous souhaitons d\u00e9velopper un partenariat entre nos deux entreprises. Dans le but de vous faire rejoindre notre r\u00e9seau de partenaires. Le principe de ce partenariat est simple. Il nous permet de vous contacter lorsque nous avons besoin de votre intervention. Nous vous<br>expliquons la nature de votre mission. Vous r\u00e9alisez un devis que nous relayons \u00e0 notre client qui acceptera ou non la prestation. Vous intervenez sur le domicile et facturez votre prestation directement au client. Ceci est pr\u00e9cis\u00e9 \u00e0 travers le contrat de partenariat. Il est important de noter que<br>vous pouvez rompre ce contrat \u00e0 tout moment. Vous n&rsquo;avez donc aucun engagement envers nous. Notre souhait est cependant de lier nos entreprises sur le long terme. Nous avons h\u00e2te de vous rencontrer. N&rsquo;h\u00e9sitez pas \u00e0 <a href=\"https:\/\/provence-home-intendance.fr\/en\/provence-home-intendance\/contact\/\">nous contacter<\/a>. Par t\u00e9l\u00e9phone, e-mail ou sur notre site internet. D\u00e9veloppons nos entreprises ensemble. A travers ce partenariat durable. Soyons le r\u00e9seau proven\u00e7al de demain.<\/p>\n\n\n\n<figure class=\"wp-block-image size-large\"><img loading=\"lazy\" decoding=\"async\" width=\"1024\" height=\"684\" src=\"https:\/\/provence-home-intendance.fr\/wp-content\/uploads\/2022\/05\/gianluca-carenza-Xjw8sopx_8k-unsplash-1024x684.jpg\" alt=\"Contact Professionnel ; Nous recherchons activement des artisans r\u00e9gionaux avec lesquelles d\u00e9velopper un partenariat durable. Contactez-nous!\" class=\"wp-image-29509\" srcset=\"https:\/\/provence-home-intendance.fr\/wp-content\/uploads\/2022\/05\/gianluca-carenza-Xjw8sopx_8k-unsplash-1024x684.jpg 1024w, https:\/\/provence-home-intendance.fr\/wp-content\/uploads\/2022\/05\/gianluca-carenza-Xjw8sopx_8k-unsplash-300x200.jpg 300w, https:\/\/provence-home-intendance.fr\/wp-content\/uploads\/2022\/05\/gianluca-carenza-Xjw8sopx_8k-unsplash-768x513.jpg 768w, https:\/\/provence-home-intendance.fr\/wp-content\/uploads\/2022\/05\/gianluca-carenza-Xjw8sopx_8k-unsplash-1536x1025.jpg 1536w, https:\/\/provence-home-intendance.fr\/wp-content\/uploads\/2022\/05\/gianluca-carenza-Xjw8sopx_8k-unsplash-2048x1367.jpg 2048w, https:\/\/provence-home-intendance.fr\/wp-content\/uploads\/2022\/05\/gianluca-carenza-Xjw8sopx_8k-unsplash-18x12.jpg 18w\" sizes=\"auto, (max-width: 1024px) 100vw, 1024px\" \/><figcaption><a href=\"https:\/\/provence-home-intendance.fr\/en\/provence-home-intendance\">Provence Home Intendance<\/a> &#8211; Votre propri\u00e9t\u00e9, notre priorit\u00e9<\/figcaption><\/figure>","protected":false},"excerpt":{"rendered":"<p>Contact Professionnel ; Nous recherchons activement des artisans r\u00e9gionaux avec lesquelles d\u00e9velopper un partenariat durable. Contactez-nous! Provence Home Intendance souhaite se positionner comme la premi\u00e8re conciergerie \u00e0 destination des propri\u00e9taires de biens secondaires en Provence. Nous sommes deux associ\u00e9s de la r\u00e9gion. Nous nous occupons de la gestion de biens secondaires. Ceux, dont les propri\u00e9taires<\/p>\n<div><a class=\"btn-filled btn\" href=\"https:\/\/provence-home-intendance.fr\/en\/provence-home-intendance\/contact\/contact-professionnel\/\" title=\"Contact Professionnel\">Read More<\/a><\/div>","protected":false},"author":1,"featured_media":0,"parent":28855,"menu_order":0,"comment_status":"closed","ping_status":"closed","template":"page-templates\/template-widget.php","meta":{"content-type":"","inline_featured_image":false,"footnotes":""},"class_list":["post-29177","page","type-page","status-publish","hentry"],"yoast_head":"<!-- This site is optimized with the Yoast SEO plugin v24.9 - https:\/\/yoast.com\/wordpress\/plugins\/seo\/ -->\n<title>Contact Professionnel - Provence Home Intendance<\/title>\n<meta name=\"description\" content=\"Contact Professionnel ; Nous recherchons activement des artisans r\u00e9gionaux avec lesquelles d\u00e9velopper un partenariat durable. Contactez-nous!\" \/>\n<meta name=\"robots\" content=\"index, follow, max-snippet:-1, max-image-preview:large, max-video-preview:-1\" \/>\n<link rel=\"canonical\" href=\"https:\/\/provence-home-intendance.fr\/en\/provence-home-intendance\/contact\/contact-professionnel\/\" \/>\n<meta property=\"og:locale\" content=\"en_GB\" \/>\n<meta property=\"og:type\" content=\"article\" \/>\n<meta property=\"og:title\" content=\"Contact Professionnel - Provence Home Intendance\" \/>\n<meta property=\"og:description\" content=\"Contact Professionnel ; Nous recherchons activement des artisans r\u00e9gionaux avec lesquelles d\u00e9velopper un partenariat durable. Contactez-nous!\" \/>\n<meta property=\"og:url\" content=\"https:\/\/provence-home-intendance.fr\/en\/provence-home-intendance\/contact\/contact-professionnel\/\" \/>\n<meta property=\"og:site_name\" content=\"Provence Home Intendance\" \/>\n<meta property=\"article:modified_time\" content=\"2022-05-19T18:59:18+00:00\" \/>\n<meta property=\"og:image\" content=\"https:\/\/provence-home-intendance.fr\/wp-content\/uploads\/2022\/05\/gianluca-carenza-Xjw8sopx_8k-unsplash-1024x684.jpg\" \/>\n<meta name=\"twitter:card\" content=\"summary_large_image\" \/>\n<meta name=\"twitter:label1\" content=\"Estimated reading time\" \/>\n\t<meta name=\"twitter:data1\" content=\"2 minutes\" \/>\n<script type=\"application\/ld+json\" class=\"yoast-schema-graph\">{\"@context\":\"https:\/\/schema.org\",\"@graph\":[{\"@type\":\"WebPage\",\"@id\":\"https:\/\/provence-home-intendance.fr\/provence-home-intendance\/contact\/contact-professionnel\/\",\"url\":\"https:\/\/provence-home-intendance.fr\/provence-home-intendance\/contact\/contact-professionnel\/\",\"name\":\"Contact Professionnel - Provence Home Intendance\",\"isPartOf\":{\"@id\":\"https:\/\/provence-home-intendance.fr\/#website\"},\"primaryImageOfPage\":{\"@id\":\"https:\/\/provence-home-intendance.fr\/provence-home-intendance\/contact\/contact-professionnel\/#primaryimage\"},\"image\":{\"@id\":\"https:\/\/provence-home-intendance.fr\/provence-home-intendance\/contact\/contact-professionnel\/#primaryimage\"},\"thumbnailUrl\":\"https:\/\/provence-home-intendance.fr\/wp-content\/uploads\/2022\/05\/gianluca-carenza-Xjw8sopx_8k-unsplash-1024x684.jpg\",\"datePublished\":\"2022-04-04T20:32:41+00:00\",\"dateModified\":\"2022-05-19T18:59:18+00:00\",\"description\":\"Contact Professionnel ; Nous recherchons activement des artisans r\u00e9gionaux avec lesquelles d\u00e9velopper un partenariat durable. Contactez-nous!\",\"breadcrumb\":{\"@id\":\"https:\/\/provence-home-intendance.fr\/provence-home-intendance\/contact\/contact-professionnel\/#breadcrumb\"},\"inLanguage\":\"en-GB\",\"potentialAction\":[{\"@type\":\"ReadAction\",\"target\":[\"https:\/\/provence-home-intendance.fr\/provence-home-intendance\/contact\/contact-professionnel\/\"]}]},{\"@type\":\"ImageObject\",\"inLanguage\":\"en-GB\",\"@id\":\"https:\/\/provence-home-intendance.fr\/provence-home-intendance\/contact\/contact-professionnel\/#primaryimage\",\"url\":\"https:\/\/provence-home-intendance.fr\/wp-content\/uploads\/2022\/05\/gianluca-carenza-Xjw8sopx_8k-unsplash-1024x684.jpg\",\"contentUrl\":\"https:\/\/provence-home-intendance.fr\/wp-content\/uploads\/2022\/05\/gianluca-carenza-Xjw8sopx_8k-unsplash-1024x684.jpg\"},{\"@type\":\"BreadcrumbList\",\"@id\":\"https:\/\/provence-home-intendance.fr\/provence-home-intendance\/contact\/contact-professionnel\/#breadcrumb\",\"itemListElement\":[{\"@type\":\"ListItem\",\"position\":1,\"name\":\"Accueil\",\"item\":\"https:\/\/provence-home-intendance.fr\/\"},{\"@type\":\"ListItem\",\"position\":2,\"name\":\"Provence Home Intendance\",\"item\":\"https:\/\/provence-home-intendance.fr\/\"},{\"@type\":\"ListItem\",\"position\":3,\"name\":\"Contact\",\"item\":\"https:\/\/provence-home-intendance.fr\/provence-home-intendance\/contact\/\"},{\"@type\":\"ListItem\",\"position\":4,\"name\":\"Contact Professionnel\"}]},{\"@type\":\"WebSite\",\"@id\":\"https:\/\/provence-home-intendance.fr\/#website\",\"url\":\"https:\/\/provence-home-intendance.fr\/\",\"name\":\"Provence Home Intendance\",\"description\":\"\",\"publisher\":{\"@id\":\"https:\/\/provence-home-intendance.fr\/#organization\"},\"inLanguage\":\"en-GB\"},{\"@type\":\"Organization\",\"@id\":\"https:\/\/provence-home-intendance.fr\/#organization\",\"name\":\"Provence Home Intendance\",\"url\":\"https:\/\/provence-home-intendance.fr\/\",\"logo\":{\"@type\":\"ImageObject\",\"inLanguage\":\"en-GB\",\"@id\":\"https:\/\/provence-home-intendance.fr\/#\/schema\/logo\/image\/\",\"url\":\"https:\/\/provence-home-intendance.fr\/wp-content\/uploads\/2021\/10\/cropped-Banniere-PHI2.png\",\"contentUrl\":\"https:\/\/provence-home-intendance.fr\/wp-content\/uploads\/2021\/10\/cropped-Banniere-PHI2.png\",\"width\":1800,\"height\":500,\"caption\":\"Provence Home Intendance\"},\"image\":{\"@id\":\"https:\/\/provence-home-intendance.fr\/#\/schema\/logo\/image\/\"}}]}<\/script>\n<!-- \/ Yoast SEO plugin. -->","yoast_head_json":{"title":"Contact Professionnel - Provence Home Intendance","description":"Contact Professionnel ; Nous recherchons activement des artisans r\u00e9gionaux avec lesquelles d\u00e9velopper un partenariat durable. Contactez-nous!","robots":{"index":"index","follow":"follow","max-snippet":"max-snippet:-1","max-image-preview":"max-image-preview:large","max-video-preview":"max-video-preview:-1"},"canonical":"https:\/\/provence-home-intendance.fr\/en\/provence-home-intendance\/contact\/contact-professionnel\/","og_locale":"en_GB","og_type":"article","og_title":"Contact Professionnel - Provence Home Intendance","og_description":"Contact Professionnel ; Nous recherchons activement des artisans r\u00e9gionaux avec lesquelles d\u00e9velopper un partenariat durable. Contactez-nous!","og_url":"https:\/\/provence-home-intendance.fr\/en\/provence-home-intendance\/contact\/contact-professionnel\/","og_site_name":"Provence Home Intendance","article_modified_time":"2022-05-19T18:59:18+00:00","og_image":[{"url":"https:\/\/provence-home-intendance.fr\/wp-content\/uploads\/2022\/05\/gianluca-carenza-Xjw8sopx_8k-unsplash-1024x684.jpg","type":"","width":"","height":""}],"twitter_card":"summary_large_image","twitter_misc":{"Estimated reading time":"2 minutes"},"schema":{"@context":"https:\/\/schema.org","@graph":[{"@type":"WebPage","@id":"https:\/\/provence-home-intendance.fr\/provence-home-intendance\/contact\/contact-professionnel\/","url":"https:\/\/provence-home-intendance.fr\/provence-home-intendance\/contact\/contact-professionnel\/","name":"Contact Professionnel - Provence Home Intendance","isPartOf":{"@id":"https:\/\/provence-home-intendance.fr\/#website"},"primaryImageOfPage":{"@id":"https:\/\/provence-home-intendance.fr\/provence-home-intendance\/contact\/contact-professionnel\/#primaryimage"},"image":{"@id":"https:\/\/provence-home-intendance.fr\/provence-home-intendance\/contact\/contact-professionnel\/#primaryimage"},"thumbnailUrl":"https:\/\/provence-home-intendance.fr\/wp-content\/uploads\/2022\/05\/gianluca-carenza-Xjw8sopx_8k-unsplash-1024x684.jpg","datePublished":"2022-04-04T20:32:41+00:00","dateModified":"2022-05-19T18:59:18+00:00","description":"Contact Professionnel ; Nous recherchons activement des artisans r\u00e9gionaux avec lesquelles d\u00e9velopper un partenariat durable. Contactez-nous!","breadcrumb":{"@id":"https:\/\/provence-home-intendance.fr\/provence-home-intendance\/contact\/contact-professionnel\/#breadcrumb"},"inLanguage":"en-GB","potentialAction":[{"@type":"ReadAction","target":["https:\/\/provence-home-intendance.fr\/provence-home-intendance\/contact\/contact-professionnel\/"]}]},{"@type":"ImageObject","inLanguage":"en-GB","@id":"https:\/\/provence-home-intendance.fr\/provence-home-intendance\/contact\/contact-professionnel\/#primaryimage","url":"https:\/\/provence-home-intendance.fr\/wp-content\/uploads\/2022\/05\/gianluca-carenza-Xjw8sopx_8k-unsplash-1024x684.jpg","contentUrl":"https:\/\/provence-home-intendance.fr\/wp-content\/uploads\/2022\/05\/gianluca-carenza-Xjw8sopx_8k-unsplash-1024x684.jpg"},{"@type":"BreadcrumbList","@id":"https:\/\/provence-home-intendance.fr\/provence-home-intendance\/contact\/contact-professionnel\/#breadcrumb","itemListElement":[{"@type":"ListItem","position":1,"name":"Accueil","item":"https:\/\/provence-home-intendance.fr\/"},{"@type":"ListItem","position":2,"name":"Provence Home Intendance","item":"https:\/\/provence-home-intendance.fr\/"},{"@type":"ListItem","position":3,"name":"Contact","item":"https:\/\/provence-home-intendance.fr\/provence-home-intendance\/contact\/"},{"@type":"ListItem","position":4,"name":"Contact Professionnel"}]},{"@type":"WebSite","@id":"https:\/\/provence-home-intendance.fr\/#website","url":"https:\/\/provence-home-intendance.fr\/","name":"Provence Home Intendance","description":"","publisher":{"@id":"https:\/\/provence-home-intendance.fr\/#organization"},"inLanguage":"en-GB"},{"@type":"Organization","@id":"https:\/\/provence-home-intendance.fr\/#organization","name":"Provence Home Intendance","url":"https:\/\/provence-home-intendance.fr\/","logo":{"@type":"ImageObject","inLanguage":"en-GB","@id":"https:\/\/provence-home-intendance.fr\/#\/schema\/logo\/image\/","url":"https:\/\/provence-home-intendance.fr\/wp-content\/uploads\/2021\/10\/cropped-Banniere-PHI2.png","contentUrl":"https:\/\/provence-home-intendance.fr\/wp-content\/uploads\/2021\/10\/cropped-Banniere-PHI2.png","width":1800,"height":500,"caption":"Provence Home Intendance"},"image":{"@id":"https:\/\/provence-home-intendance.fr\/#\/schema\/logo\/image\/"}}]}},"_links":{"self":[{"href":"https:\/\/provence-home-intendance.fr\/en\/wp-json\/wp\/v2\/pages\/29177","targetHints":{"allow":["GET"]}}],"collection":[{"href":"https:\/\/provence-home-intendance.fr\/en\/wp-json\/wp\/v2\/pages"}],"about":[{"href":"https:\/\/provence-home-intendance.fr\/en\/wp-json\/wp\/v2\/types\/page"}],"author":[{"embeddable":true,"href":"https:\/\/provence-home-intendance.fr\/en\/wp-json\/wp\/v2\/users\/1"}],"replies":[{"embeddable":true,"href":"https:\/\/provence-home-intendance.fr\/en\/wp-json\/wp\/v2\/comments?post=29177"}],"version-history":[{"count":7,"href":"https:\/\/provence-home-intendance.fr\/en\/wp-json\/wp\/v2\/pages\/29177\/revisions"}],"predecessor-version":[{"id":29570,"href":"https:\/\/provence-home-intendance.fr\/en\/wp-json\/wp\/v2\/pages\/29177\/revisions\/29570"}],"up":[{"embeddable":true,"href":"https:\/\/provence-home-intendance.fr\/en\/wp-json\/wp\/v2\/pages\/28855"}],"wp:attachment":[{"href":"https:\/\/provence-home-intendance.fr\/en\/wp-json\/wp\/v2\/media?parent=29177"}],"curies":[{"name":"wp","href":"https:\/\/api.w.org\/{rel}","templated":true}]}}