{"id":29340,"date":"2022-04-04T08:53:35","date_gmt":"2022-04-04T06:53:35","guid":{"rendered":"https:\/\/provence-home-intendance.fr\/?page_id=29340"},"modified":"2022-05-17T13:01:16","modified_gmt":"2022-05-17T11:01:16","slug":"mentionslegales","status":"publish","type":"page","link":"https:\/\/provence-home-intendance.fr\/en\/provence-home-intendance\/mentionslegales\/","title":{"rendered":"Mentions L\u00e9gales"},"content":{"rendered":"<p>Mentions L\u00e9gales. Le pr\u00e9sent site rel\u00e8ve de la l\u00e9gislation fran\u00e7aise sur le droit d\u2019auteur et la propri\u00e9t\u00e9 intellectuelle. En application de la loi du 11 mars 1957 (article 41) ; Et du code de la propri\u00e9t\u00e9 intellectuelle du 1er juillet 1992. Toute repr\u00e9sentation, reproduction, modification, utilisation commerciale, partielle ou totale. Ainsi que tout transfert vers un autre site sont interdits. Sauf autorisation de la soci\u00e9t\u00e9 <a href=\"https:\/\/provence-home-intendance.fr\/en\/provence-home-intendance\">PROVENCE HOME INTENDANCE<\/a>. Les logos, visuels et PDF sur ce site sont la propri\u00e9t\u00e9 de la soci\u00e9t\u00e9. Toute reproduction int\u00e9grale ou partielle de ce site ; Ou de l\u2019un des \u00e9l\u00e9ments qui le compose est interdite. PROVENCE HOME INTENDANCE se r\u00e9serve le droit de demander des dommages et int\u00e9r\u00eats. Notamment en cas de contrefa\u00e7on et plus g\u00e9n\u00e9ralement d\u2019atteinte \u00e0 ses droits de propri\u00e9t\u00e9 intellectuelle.<\/p>\n\n\n\n<h3 class=\"wp-block-heading\">Mentions L\u00e9gales &#8211; Site Web<\/h3>\n\n\n\n<p><a href=\"https:\/\/provence-home-intendance.fr\/en\/provence-home-intendance\">PROVENCE HOME INTENDANCE<\/a> se r\u00e9serve le droit, quelle qu\u2019en soit la raison et \u00e0 sa seule discr\u00e9tion. De mettre un terme, de modifier, de suspendre ou d\u2019interrompre l\u2019acc\u00e8s \u00e0 tout ou partie du Site web. Ainsi qu\u2019\u00e0 ses contenus, ses caract\u00e9ristiques ou de modifier les heures de disponibilit\u00e9 sans pr\u00e9avis. Les <a href=\"https:\/\/www.journaldunet.fr\/business\/dictionnaire-du-marketing\/1198321-mentions-legales-definition-traduction\/#:~:text=Les%20mentions%20l%C3%A9gales%20d%C3%A9signent%20les,celui%20qui%20%C3%A9met%20les%20informations.\">utilisateurs du Site<\/a> d\u00e9clarent conna\u00eetre et comprendre Internet. Ses limites dont, notamment, ses caract\u00e9ristiques fonctionnelles et performances techniques. Les risques d&rsquo;interruption, les temps de r\u00e9ponse pour consulter. Interroger ou transf\u00e9rer des informations. Les risques, quels qu&rsquo;ils soient, inh\u00e9rents \u00e0 toute connexion sur le r\u00e9seau. <\/p>\n\n\n\n<p>La responsabilit\u00e9 de l&rsquo;entreprise ne peut pas \u00eatre responsable d\u2019un quelconque dommage direct ou indirect, De quelque nature que ce soit. R\u00e9sultant de l\u2019acc\u00e8s ou de la navigation sur le Site. En ce compris toute d\u00e9t\u00e9rioration et\/ou virus pouvant affecter votre \u00e9quipement informatique. <a href=\"https:\/\/provence-home-intendance.fr\/en\/provence-home-intendance\">PROVENCE HOME INTENDANCE<\/a> s&rsquo;efforcera, dans la mesure du possible ; De maintenir le Site accessible 7 jours sur 7, 24 heures sur 24. Mais ne pourra \u00eatre tenue \u00e0 une obligation d&rsquo;y parvenir. L&rsquo;acc\u00e8s au Site pourra \u00eatre interrompu. Notamment pour des raisons de maintenance et de mise \u00e0 niveau. Ou pour toute autre raison technique sans que cela puisse engager sa responsabilit\u00e9.<\/p>\n\n\n\n<figure class=\"wp-block-image size-large\"><img loading=\"lazy\" decoding=\"async\" width=\"1024\" height=\"683\" src=\"https:\/\/provence-home-intendance.fr\/wp-content\/uploads\/2022\/05\/lavender-3397287-1024x683.jpg\" alt=\"Mentions L\u00e9gales. Le pr\u00e9sent site rel\u00e8ve de la l\u00e9gislation fran\u00e7aise sur le droit d\u2019auteur et la propri\u00e9t\u00e9 intellectuelle.\" class=\"wp-image-29516\" srcset=\"https:\/\/provence-home-intendance.fr\/wp-content\/uploads\/2022\/05\/lavender-3397287-1024x683.jpg 1024w, https:\/\/provence-home-intendance.fr\/wp-content\/uploads\/2022\/05\/lavender-3397287-300x200.jpg 300w, https:\/\/provence-home-intendance.fr\/wp-content\/uploads\/2022\/05\/lavender-3397287-768x512.jpg 768w, https:\/\/provence-home-intendance.fr\/wp-content\/uploads\/2022\/05\/lavender-3397287-1536x1024.jpg 1536w, https:\/\/provence-home-intendance.fr\/wp-content\/uploads\/2022\/05\/lavender-3397287-2048x1365.jpg 2048w, https:\/\/provence-home-intendance.fr\/wp-content\/uploads\/2022\/05\/lavender-3397287-18x12.jpg 18w\" sizes=\"auto, (max-width: 1024px) 100vw, 1024px\" \/><figcaption>Mentions L\u00e9gales &#8211; Provence Home Intendance<\/figcaption><\/figure>","protected":false},"excerpt":{"rendered":"<p>Mentions L\u00e9gales. Le pr\u00e9sent site rel\u00e8ve de la l\u00e9gislation fran\u00e7aise sur le droit d\u2019auteur et la propri\u00e9t\u00e9 intellectuelle. En application de la loi du 11 mars 1957 (article 41) ; Et du code de la propri\u00e9t\u00e9 intellectuelle du 1er juillet 1992. Toute repr\u00e9sentation, reproduction, modification, utilisation commerciale, partielle ou totale. Ainsi que tout transfert vers<\/p>\n<div><a class=\"btn-filled btn\" href=\"https:\/\/provence-home-intendance.fr\/en\/provence-home-intendance\/mentionslegales\/\" title=\"Mentions L\u00e9gales\">Read More<\/a><\/div>","protected":false},"author":1,"featured_media":0,"parent":28847,"menu_order":0,"comment_status":"closed","ping_status":"closed","template":"page-templates\/template-widget.php","meta":{"content-type":"","inline_featured_image":false,"footnotes":""},"class_list":["post-29340","page","type-page","status-publish","hentry"],"yoast_head":"<!-- This site is optimized with the Yoast SEO plugin v24.9 - https:\/\/yoast.com\/wordpress\/plugins\/seo\/ -->\n<title>Mentions L\u00e9gales - Provence Home Intendance<\/title>\n<meta name=\"description\" content=\"Mentions L\u00e9gales. Le pr\u00e9sent site rel\u00e8ve de la l\u00e9gislation fran\u00e7aise sur le droit d\u2019auteur et la propri\u00e9t\u00e9 intellectuelle.\" \/>\n<meta name=\"robots\" content=\"index, follow, max-snippet:-1, max-image-preview:large, max-video-preview:-1\" \/>\n<link rel=\"canonical\" href=\"https:\/\/provence-home-intendance.fr\/en\/provence-home-intendance\/mentionslegales\/\" \/>\n<meta property=\"og:locale\" content=\"en_GB\" \/>\n<meta property=\"og:type\" content=\"article\" \/>\n<meta property=\"og:title\" content=\"Mentions L\u00e9gales - Provence Home Intendance\" \/>\n<meta property=\"og:description\" content=\"Mentions L\u00e9gales. Le pr\u00e9sent site rel\u00e8ve de la l\u00e9gislation fran\u00e7aise sur le droit d\u2019auteur et la propri\u00e9t\u00e9 intellectuelle.\" \/>\n<meta property=\"og:url\" content=\"https:\/\/provence-home-intendance.fr\/en\/provence-home-intendance\/mentionslegales\/\" \/>\n<meta property=\"og:site_name\" content=\"Provence Home Intendance\" \/>\n<meta property=\"article:modified_time\" content=\"2022-05-17T11:01:16+00:00\" \/>\n<meta property=\"og:image\" content=\"https:\/\/provence-home-intendance.fr\/wp-content\/uploads\/2022\/05\/lavender-3397287-1024x683.jpg\" \/>\n<meta name=\"twitter:card\" content=\"summary_large_image\" \/>\n<meta name=\"twitter:label1\" content=\"Estimated reading time\" \/>\n\t<meta name=\"twitter:data1\" content=\"2 minutes\" \/>\n<script type=\"application\/ld+json\" class=\"yoast-schema-graph\">{\"@context\":\"https:\/\/schema.org\",\"@graph\":[{\"@type\":\"WebPage\",\"@id\":\"https:\/\/provence-home-intendance.fr\/provence-home-intendance\/mentionslegales\/\",\"url\":\"https:\/\/provence-home-intendance.fr\/provence-home-intendance\/mentionslegales\/\",\"name\":\"Mentions L\u00e9gales - Provence Home Intendance\",\"isPartOf\":{\"@id\":\"https:\/\/provence-home-intendance.fr\/#website\"},\"primaryImageOfPage\":{\"@id\":\"https:\/\/provence-home-intendance.fr\/provence-home-intendance\/mentionslegales\/#primaryimage\"},\"image\":{\"@id\":\"https:\/\/provence-home-intendance.fr\/provence-home-intendance\/mentionslegales\/#primaryimage\"},\"thumbnailUrl\":\"https:\/\/provence-home-intendance.fr\/wp-content\/uploads\/2022\/05\/lavender-3397287-1024x683.jpg\",\"datePublished\":\"2022-04-04T06:53:35+00:00\",\"dateModified\":\"2022-05-17T11:01:16+00:00\",\"description\":\"Mentions L\u00e9gales. Le pr\u00e9sent site rel\u00e8ve de la l\u00e9gislation fran\u00e7aise sur le droit d\u2019auteur et la propri\u00e9t\u00e9 intellectuelle.\",\"breadcrumb\":{\"@id\":\"https:\/\/provence-home-intendance.fr\/provence-home-intendance\/mentionslegales\/#breadcrumb\"},\"inLanguage\":\"en-GB\",\"potentialAction\":[{\"@type\":\"ReadAction\",\"target\":[\"https:\/\/provence-home-intendance.fr\/provence-home-intendance\/mentionslegales\/\"]}]},{\"@type\":\"ImageObject\",\"inLanguage\":\"en-GB\",\"@id\":\"https:\/\/provence-home-intendance.fr\/provence-home-intendance\/mentionslegales\/#primaryimage\",\"url\":\"https:\/\/provence-home-intendance.fr\/wp-content\/uploads\/2022\/05\/lavender-3397287-1024x683.jpg\",\"contentUrl\":\"https:\/\/provence-home-intendance.fr\/wp-content\/uploads\/2022\/05\/lavender-3397287-1024x683.jpg\"},{\"@type\":\"BreadcrumbList\",\"@id\":\"https:\/\/provence-home-intendance.fr\/provence-home-intendance\/mentionslegales\/#breadcrumb\",\"itemListElement\":[{\"@type\":\"ListItem\",\"position\":1,\"name\":\"Accueil\",\"item\":\"https:\/\/provence-home-intendance.fr\/\"},{\"@type\":\"ListItem\",\"position\":2,\"name\":\"Provence Home Intendance\",\"item\":\"https:\/\/provence-home-intendance.fr\/\"},{\"@type\":\"ListItem\",\"position\":3,\"name\":\"Mentions L\u00e9gales\"}]},{\"@type\":\"WebSite\",\"@id\":\"https:\/\/provence-home-intendance.fr\/#website\",\"url\":\"https:\/\/provence-home-intendance.fr\/\",\"name\":\"Provence Home Intendance\",\"description\":\"\",\"publisher\":{\"@id\":\"https:\/\/provence-home-intendance.fr\/#organization\"},\"inLanguage\":\"en-GB\"},{\"@type\":\"Organization\",\"@id\":\"https:\/\/provence-home-intendance.fr\/#organization\",\"name\":\"Provence Home Intendance\",\"url\":\"https:\/\/provence-home-intendance.fr\/\",\"logo\":{\"@type\":\"ImageObject\",\"inLanguage\":\"en-GB\",\"@id\":\"https:\/\/provence-home-intendance.fr\/#\/schema\/logo\/image\/\",\"url\":\"https:\/\/provence-home-intendance.fr\/wp-content\/uploads\/2021\/10\/cropped-Banniere-PHI2.png\",\"contentUrl\":\"https:\/\/provence-home-intendance.fr\/wp-content\/uploads\/2021\/10\/cropped-Banniere-PHI2.png\",\"width\":1800,\"height\":500,\"caption\":\"Provence Home Intendance\"},\"image\":{\"@id\":\"https:\/\/provence-home-intendance.fr\/#\/schema\/logo\/image\/\"}}]}<\/script>\n<!-- \/ Yoast SEO plugin. -->","yoast_head_json":{"title":"Mentions L\u00e9gales - Provence Home Intendance","description":"Mentions L\u00e9gales. Le pr\u00e9sent site rel\u00e8ve de la l\u00e9gislation fran\u00e7aise sur le droit d\u2019auteur et la propri\u00e9t\u00e9 intellectuelle.","robots":{"index":"index","follow":"follow","max-snippet":"max-snippet:-1","max-image-preview":"max-image-preview:large","max-video-preview":"max-video-preview:-1"},"canonical":"https:\/\/provence-home-intendance.fr\/en\/provence-home-intendance\/mentionslegales\/","og_locale":"en_GB","og_type":"article","og_title":"Mentions L\u00e9gales - Provence Home Intendance","og_description":"Mentions L\u00e9gales. Le pr\u00e9sent site rel\u00e8ve de la l\u00e9gislation fran\u00e7aise sur le droit d\u2019auteur et la propri\u00e9t\u00e9 intellectuelle.","og_url":"https:\/\/provence-home-intendance.fr\/en\/provence-home-intendance\/mentionslegales\/","og_site_name":"Provence Home Intendance","article_modified_time":"2022-05-17T11:01:16+00:00","og_image":[{"url":"https:\/\/provence-home-intendance.fr\/wp-content\/uploads\/2022\/05\/lavender-3397287-1024x683.jpg","type":"","width":"","height":""}],"twitter_card":"summary_large_image","twitter_misc":{"Estimated reading time":"2 minutes"},"schema":{"@context":"https:\/\/schema.org","@graph":[{"@type":"WebPage","@id":"https:\/\/provence-home-intendance.fr\/provence-home-intendance\/mentionslegales\/","url":"https:\/\/provence-home-intendance.fr\/provence-home-intendance\/mentionslegales\/","name":"Mentions L\u00e9gales - Provence Home Intendance","isPartOf":{"@id":"https:\/\/provence-home-intendance.fr\/#website"},"primaryImageOfPage":{"@id":"https:\/\/provence-home-intendance.fr\/provence-home-intendance\/mentionslegales\/#primaryimage"},"image":{"@id":"https:\/\/provence-home-intendance.fr\/provence-home-intendance\/mentionslegales\/#primaryimage"},"thumbnailUrl":"https:\/\/provence-home-intendance.fr\/wp-content\/uploads\/2022\/05\/lavender-3397287-1024x683.jpg","datePublished":"2022-04-04T06:53:35+00:00","dateModified":"2022-05-17T11:01:16+00:00","description":"Mentions L\u00e9gales. Le pr\u00e9sent site rel\u00e8ve de la l\u00e9gislation fran\u00e7aise sur le droit d\u2019auteur et la propri\u00e9t\u00e9 intellectuelle.","breadcrumb":{"@id":"https:\/\/provence-home-intendance.fr\/provence-home-intendance\/mentionslegales\/#breadcrumb"},"inLanguage":"en-GB","potentialAction":[{"@type":"ReadAction","target":["https:\/\/provence-home-intendance.fr\/provence-home-intendance\/mentionslegales\/"]}]},{"@type":"ImageObject","inLanguage":"en-GB","@id":"https:\/\/provence-home-intendance.fr\/provence-home-intendance\/mentionslegales\/#primaryimage","url":"https:\/\/provence-home-intendance.fr\/wp-content\/uploads\/2022\/05\/lavender-3397287-1024x683.jpg","contentUrl":"https:\/\/provence-home-intendance.fr\/wp-content\/uploads\/2022\/05\/lavender-3397287-1024x683.jpg"},{"@type":"BreadcrumbList","@id":"https:\/\/provence-home-intendance.fr\/provence-home-intendance\/mentionslegales\/#breadcrumb","itemListElement":[{"@type":"ListItem","position":1,"name":"Accueil","item":"https:\/\/provence-home-intendance.fr\/"},{"@type":"ListItem","position":2,"name":"Provence Home Intendance","item":"https:\/\/provence-home-intendance.fr\/"},{"@type":"ListItem","position":3,"name":"Mentions L\u00e9gales"}]},{"@type":"WebSite","@id":"https:\/\/provence-home-intendance.fr\/#website","url":"https:\/\/provence-home-intendance.fr\/","name":"Provence Home Intendance","description":"","publisher":{"@id":"https:\/\/provence-home-intendance.fr\/#organization"},"inLanguage":"en-GB"},{"@type":"Organization","@id":"https:\/\/provence-home-intendance.fr\/#organization","name":"Provence Home Intendance","url":"https:\/\/provence-home-intendance.fr\/","logo":{"@type":"ImageObject","inLanguage":"en-GB","@id":"https:\/\/provence-home-intendance.fr\/#\/schema\/logo\/image\/","url":"https:\/\/provence-home-intendance.fr\/wp-content\/uploads\/2021\/10\/cropped-Banniere-PHI2.png","contentUrl":"https:\/\/provence-home-intendance.fr\/wp-content\/uploads\/2021\/10\/cropped-Banniere-PHI2.png","width":1800,"height":500,"caption":"Provence Home Intendance"},"image":{"@id":"https:\/\/provence-home-intendance.fr\/#\/schema\/logo\/image\/"}}]}},"_links":{"self":[{"href":"https:\/\/provence-home-intendance.fr\/en\/wp-json\/wp\/v2\/pages\/29340","targetHints":{"allow":["GET"]}}],"collection":[{"href":"https:\/\/provence-home-intendance.fr\/en\/wp-json\/wp\/v2\/pages"}],"about":[{"href":"https:\/\/provence-home-intendance.fr\/en\/wp-json\/wp\/v2\/types\/page"}],"author":[{"embeddable":true,"href":"https:\/\/provence-home-intendance.fr\/en\/wp-json\/wp\/v2\/users\/1"}],"replies":[{"embeddable":true,"href":"https:\/\/provence-home-intendance.fr\/en\/wp-json\/wp\/v2\/comments?post=29340"}],"version-history":[{"count":3,"href":"https:\/\/provence-home-intendance.fr\/en\/wp-json\/wp\/v2\/pages\/29340\/revisions"}],"predecessor-version":[{"id":29559,"href":"https:\/\/provence-home-intendance.fr\/en\/wp-json\/wp\/v2\/pages\/29340\/revisions\/29559"}],"up":[{"embeddable":true,"href":"https:\/\/provence-home-intendance.fr\/en\/wp-json\/wp\/v2\/pages\/28847"}],"wp:attachment":[{"href":"https:\/\/provence-home-intendance.fr\/en\/wp-json\/wp\/v2\/media?parent=29340"}],"curies":[{"name":"wp","href":"https:\/\/api.w.org\/{rel}","templated":true}]}}