{"id":29342,"date":"2022-04-04T08:54:41","date_gmt":"2022-04-04T06:54:41","guid":{"rendered":"https:\/\/provence-home-intendance.fr\/?page_id=29342"},"modified":"2022-05-17T13:02:04","modified_gmt":"2022-05-17T11:02:04","slug":"rgpd","status":"publish","type":"page","link":"https:\/\/provence-home-intendance.fr\/en\/provence-home-intendance\/rgpd\/","title":{"rendered":"Politique de Confidentialit\u00e9"},"content":{"rendered":"<p>Politique de confidentialit\u00e9. Vous avez la possibilit\u00e9 d&rsquo;accepter ou de refuser les cookies en modifiant les param\u00e8tres de votre navigateur. Dans le cadre de son activit\u00e9, la soci\u00e9t\u00e9 <a href=\"https:\/\/provence-home-intendance.fr\/en\/provence-home-intendance\">PROVENCE HOME INTENDANCE<\/a>, dont le si\u00e8ge social est situ\u00e9 au 21 Rue du Portail Magnanen 84000 Avignon ; Est amen\u00e9e \u00e0 collecter et \u00e0 traiter des informations dont certaines sont qualifi\u00e9es de \u00ab\u00a0donn\u00e9es personnelles\u00a0\u00bb. PROVENCE HOME INTENDANCE attache une grande importance au respect de la vie priv\u00e9e. La soci\u00e9t\u00e9 n\u2019utilise que des donn\u00e9es de mani\u00e8re responsable. Confidentielle et dans une finalit\u00e9 pr\u00e9cise.<\/p>\n\n\n\n<h3 class=\"wp-block-heading\">Politique de Confidentialit\u00e9<\/h3>\n\n\n\n<p>Sur le site web <a href=\"https:\/\/provence-home-intendance.fr\/en\/provence-home-intendance\">www.provence-home-intendance.fr<\/a>, nous sommes susceptibles de recueillir deux types de donn\u00e9es ; Les donn\u00e9es transmises directement : Ces donn\u00e9es sont celles que vous nous transmettez directement. Elles nous sont transmises via un <a href=\"https:\/\/provence-home-intendance.fr\/en\/provence-home-intendance\/contact\/\">formulaire de contact<\/a>. Elles sont obligatoires dans le formulaire de contact.  Le champ \u00ab pr\u00e9nom et nom \u00bb, \u00ab entreprise ou organisation \u00bb et \u00ab email \u00bb ; Les donn\u00e9es collect\u00e9es automatiquement : Lors de vos visites, une fois votre consentement donn\u00e9. Nous pouvons recueillir des informations de type \u00ab web analytics \u00bb relatives \u00e0 votre navigation. La technologie utilis\u00e9e est <a href=\"https:\/\/fr.wikipedia.org\/wiki\/Cookie_(informatique)\">le cookie<\/a>. <\/p>\n\n\n\n<h3 class=\"wp-block-heading\">Utilisation des donn\u00e9es<\/h3>\n\n\n\n<p>D&rsquo;abord, nous nous servons des donn\u00e9es que vous nous transmettez pour vous recontacter. Par exemple dans le cadre de la <a href=\"https:\/\/provence-home-intendance.fr\/en\/provence-home-intendance\/contact\/\">demande que vous nous faites<\/a>. Mais encore, pour r\u00e9pondre aux questions et demandes des utilisateurs. Egalement pour assurer, am\u00e9liorer le fonctionnement et la s\u00e9curit\u00e9 du site. L\u2019adapter aux demandes des utilisateurs. Et enfin pour proc\u00e9der \u00e9ventuellement \u00e0 des calculs statistiques anonymis\u00e9s. Ensuite, nous collectons les donn\u00e9es \u00ab web analytics \u00bb de forme anonyme (en enregistrant des adresses IP anonymes). Vu qu&rsquo;elles nous permettent de mesurer l&rsquo;audience de notre site web. Ensuite, les consultations et les \u00e9ventuelles erreurs afin d\u2019am\u00e9liorer constamment l\u2019exp\u00e9rience des utilisateurs. En somme, nous utilisons ces donn\u00e9es qui sont responsable du traitement des donn\u00e9es. En conclusion, nous ne les c\u00e9derons jamais \u00e0 un tiers ni utilis\u00e9es \u00e0 d\u2019autres fins que celles d\u00e9taill\u00e9es ci-dessus.<\/p>\n\n\n\n<figure class=\"wp-block-gallery has-nested-images columns-default is-cropped wp-block-gallery-1 is-layout-flex wp-block-gallery-is-layout-flex\">\n<figure class=\"wp-block-image size-large\"><img loading=\"lazy\" decoding=\"async\" width=\"1024\" height=\"683\" data-id=\"29519\" src=\"https:\/\/provence-home-intendance.fr\/wp-content\/uploads\/2022\/05\/pexels-pixabay-45209-1024x683.jpg\" alt=\"Politique de confidentialit\u00e9. Vous avez la possibilit\u00e9 d'accepter ou de refuser les cookies en modifiant les param\u00e8tres de votre navigateur.\" class=\"wp-image-29519\" srcset=\"https:\/\/provence-home-intendance.fr\/wp-content\/uploads\/2022\/05\/pexels-pixabay-45209-1024x683.jpg 1024w, https:\/\/provence-home-intendance.fr\/wp-content\/uploads\/2022\/05\/pexels-pixabay-45209-300x200.jpg 300w, https:\/\/provence-home-intendance.fr\/wp-content\/uploads\/2022\/05\/pexels-pixabay-45209-768x512.jpg 768w, https:\/\/provence-home-intendance.fr\/wp-content\/uploads\/2022\/05\/pexels-pixabay-45209-1536x1024.jpg 1536w, https:\/\/provence-home-intendance.fr\/wp-content\/uploads\/2022\/05\/pexels-pixabay-45209-2048x1365.jpg 2048w, https:\/\/provence-home-intendance.fr\/wp-content\/uploads\/2022\/05\/pexels-pixabay-45209-18x12.jpg 18w\" sizes=\"auto, (max-width: 1024px) 100vw, 1024px\" \/><\/figure>\n<figcaption class=\"blocks-gallery-caption\">Politique de Confidentialit\u00e9 &#8211; <a href=\"https:\/\/provence-home-intendance.fr\/en\/provence-home-intendance\">Provence Home Intendance<\/a><\/figcaption><\/figure>\n\n\n\n<p><\/p>","protected":false},"excerpt":{"rendered":"<p>Politique de confidentialit\u00e9. Vous avez la possibilit\u00e9 d&rsquo;accepter ou de refuser les cookies en modifiant les param\u00e8tres de votre navigateur. Dans le cadre de son activit\u00e9, la soci\u00e9t\u00e9 PROVENCE HOME INTENDANCE, dont le si\u00e8ge social est situ\u00e9 au 21 Rue du Portail Magnanen 84000 Avignon ; Est amen\u00e9e \u00e0 collecter et \u00e0 traiter des informations<\/p>\n<div><a class=\"btn-filled btn\" href=\"https:\/\/provence-home-intendance.fr\/en\/provence-home-intendance\/rgpd\/\" title=\"Politique de Confidentialit\u00e9\">Read More<\/a><\/div>","protected":false},"author":1,"featured_media":0,"parent":28847,"menu_order":0,"comment_status":"closed","ping_status":"closed","template":"page-templates\/template-widget.php","meta":{"content-type":"","inline_featured_image":false,"footnotes":""},"class_list":["post-29342","page","type-page","status-publish","hentry"],"yoast_head":"<!-- This site is optimized with the Yoast SEO plugin v24.9 - https:\/\/yoast.com\/wordpress\/plugins\/seo\/ -->\n<title>Politique de Confidentialit\u00e9 - Provence Home Intendance<\/title>\n<meta name=\"description\" content=\"Politique de confidentialit\u00e9. Vous avez la possibilit\u00e9 d&#039;accepter ou de refuser les cookies en modifiant les param\u00e8tres de votre navigateur.\" \/>\n<meta name=\"robots\" content=\"index, follow, max-snippet:-1, max-image-preview:large, max-video-preview:-1\" \/>\n<link rel=\"canonical\" href=\"https:\/\/provence-home-intendance.fr\/en\/provence-home-intendance\/rgpd\/\" \/>\n<meta property=\"og:locale\" content=\"en_GB\" \/>\n<meta property=\"og:type\" content=\"article\" \/>\n<meta property=\"og:title\" content=\"Politique de Confidentialit\u00e9 - Provence Home Intendance\" \/>\n<meta property=\"og:description\" content=\"Politique de confidentialit\u00e9. Vous avez la possibilit\u00e9 d&#039;accepter ou de refuser les cookies en modifiant les param\u00e8tres de votre navigateur.\" \/>\n<meta property=\"og:url\" content=\"https:\/\/provence-home-intendance.fr\/en\/provence-home-intendance\/rgpd\/\" \/>\n<meta property=\"og:site_name\" content=\"Provence Home Intendance\" \/>\n<meta property=\"article:modified_time\" content=\"2022-05-17T11:02:04+00:00\" \/>\n<meta property=\"og:image\" content=\"https:\/\/provence-home-intendance.fr\/wp-content\/uploads\/2022\/05\/pexels-pixabay-45209-1024x683.jpg\" \/>\n<meta name=\"twitter:card\" content=\"summary_large_image\" \/>\n<meta name=\"twitter:label1\" content=\"Estimated reading time\" \/>\n\t<meta name=\"twitter:data1\" content=\"2 minutes\" \/>\n<script type=\"application\/ld+json\" class=\"yoast-schema-graph\">{\"@context\":\"https:\/\/schema.org\",\"@graph\":[{\"@type\":\"WebPage\",\"@id\":\"https:\/\/provence-home-intendance.fr\/provence-home-intendance\/rgpd\/\",\"url\":\"https:\/\/provence-home-intendance.fr\/provence-home-intendance\/rgpd\/\",\"name\":\"Politique de Confidentialit\u00e9 - Provence Home Intendance\",\"isPartOf\":{\"@id\":\"https:\/\/provence-home-intendance.fr\/#website\"},\"primaryImageOfPage\":{\"@id\":\"https:\/\/provence-home-intendance.fr\/provence-home-intendance\/rgpd\/#primaryimage\"},\"image\":{\"@id\":\"https:\/\/provence-home-intendance.fr\/provence-home-intendance\/rgpd\/#primaryimage\"},\"thumbnailUrl\":\"https:\/\/provence-home-intendance.fr\/wp-content\/uploads\/2022\/05\/pexels-pixabay-45209-1024x683.jpg\",\"datePublished\":\"2022-04-04T06:54:41+00:00\",\"dateModified\":\"2022-05-17T11:02:04+00:00\",\"description\":\"Politique de confidentialit\u00e9. Vous avez la possibilit\u00e9 d'accepter ou de refuser les cookies en modifiant les param\u00e8tres de votre navigateur.\",\"breadcrumb\":{\"@id\":\"https:\/\/provence-home-intendance.fr\/provence-home-intendance\/rgpd\/#breadcrumb\"},\"inLanguage\":\"en-GB\",\"potentialAction\":[{\"@type\":\"ReadAction\",\"target\":[\"https:\/\/provence-home-intendance.fr\/provence-home-intendance\/rgpd\/\"]}]},{\"@type\":\"ImageObject\",\"inLanguage\":\"en-GB\",\"@id\":\"https:\/\/provence-home-intendance.fr\/provence-home-intendance\/rgpd\/#primaryimage\",\"url\":\"https:\/\/provence-home-intendance.fr\/wp-content\/uploads\/2022\/05\/pexels-pixabay-45209-1024x683.jpg\",\"contentUrl\":\"https:\/\/provence-home-intendance.fr\/wp-content\/uploads\/2022\/05\/pexels-pixabay-45209-1024x683.jpg\"},{\"@type\":\"BreadcrumbList\",\"@id\":\"https:\/\/provence-home-intendance.fr\/provence-home-intendance\/rgpd\/#breadcrumb\",\"itemListElement\":[{\"@type\":\"ListItem\",\"position\":1,\"name\":\"Accueil\",\"item\":\"https:\/\/provence-home-intendance.fr\/\"},{\"@type\":\"ListItem\",\"position\":2,\"name\":\"Provence Home Intendance\",\"item\":\"https:\/\/provence-home-intendance.fr\/\"},{\"@type\":\"ListItem\",\"position\":3,\"name\":\"Politique de Confidentialit\u00e9\"}]},{\"@type\":\"WebSite\",\"@id\":\"https:\/\/provence-home-intendance.fr\/#website\",\"url\":\"https:\/\/provence-home-intendance.fr\/\",\"name\":\"Provence Home Intendance\",\"description\":\"\",\"publisher\":{\"@id\":\"https:\/\/provence-home-intendance.fr\/#organization\"},\"inLanguage\":\"en-GB\"},{\"@type\":\"Organization\",\"@id\":\"https:\/\/provence-home-intendance.fr\/#organization\",\"name\":\"Provence Home Intendance\",\"url\":\"https:\/\/provence-home-intendance.fr\/\",\"logo\":{\"@type\":\"ImageObject\",\"inLanguage\":\"en-GB\",\"@id\":\"https:\/\/provence-home-intendance.fr\/#\/schema\/logo\/image\/\",\"url\":\"https:\/\/provence-home-intendance.fr\/wp-content\/uploads\/2021\/10\/cropped-Banniere-PHI2.png\",\"contentUrl\":\"https:\/\/provence-home-intendance.fr\/wp-content\/uploads\/2021\/10\/cropped-Banniere-PHI2.png\",\"width\":1800,\"height\":500,\"caption\":\"Provence Home Intendance\"},\"image\":{\"@id\":\"https:\/\/provence-home-intendance.fr\/#\/schema\/logo\/image\/\"}}]}<\/script>\n<!-- \/ Yoast SEO plugin. -->","yoast_head_json":{"title":"Politique de Confidentialit\u00e9 - Provence Home Intendance","description":"Politique de confidentialit\u00e9. Vous avez la possibilit\u00e9 d'accepter ou de refuser les cookies en modifiant les param\u00e8tres de votre navigateur.","robots":{"index":"index","follow":"follow","max-snippet":"max-snippet:-1","max-image-preview":"max-image-preview:large","max-video-preview":"max-video-preview:-1"},"canonical":"https:\/\/provence-home-intendance.fr\/en\/provence-home-intendance\/rgpd\/","og_locale":"en_GB","og_type":"article","og_title":"Politique de Confidentialit\u00e9 - Provence Home Intendance","og_description":"Politique de confidentialit\u00e9. Vous avez la possibilit\u00e9 d'accepter ou de refuser les cookies en modifiant les param\u00e8tres de votre navigateur.","og_url":"https:\/\/provence-home-intendance.fr\/en\/provence-home-intendance\/rgpd\/","og_site_name":"Provence Home Intendance","article_modified_time":"2022-05-17T11:02:04+00:00","og_image":[{"url":"https:\/\/provence-home-intendance.fr\/wp-content\/uploads\/2022\/05\/pexels-pixabay-45209-1024x683.jpg","type":"","width":"","height":""}],"twitter_card":"summary_large_image","twitter_misc":{"Estimated reading time":"2 minutes"},"schema":{"@context":"https:\/\/schema.org","@graph":[{"@type":"WebPage","@id":"https:\/\/provence-home-intendance.fr\/provence-home-intendance\/rgpd\/","url":"https:\/\/provence-home-intendance.fr\/provence-home-intendance\/rgpd\/","name":"Politique de Confidentialit\u00e9 - Provence Home Intendance","isPartOf":{"@id":"https:\/\/provence-home-intendance.fr\/#website"},"primaryImageOfPage":{"@id":"https:\/\/provence-home-intendance.fr\/provence-home-intendance\/rgpd\/#primaryimage"},"image":{"@id":"https:\/\/provence-home-intendance.fr\/provence-home-intendance\/rgpd\/#primaryimage"},"thumbnailUrl":"https:\/\/provence-home-intendance.fr\/wp-content\/uploads\/2022\/05\/pexels-pixabay-45209-1024x683.jpg","datePublished":"2022-04-04T06:54:41+00:00","dateModified":"2022-05-17T11:02:04+00:00","description":"Politique de confidentialit\u00e9. Vous avez la possibilit\u00e9 d'accepter ou de refuser les cookies en modifiant les param\u00e8tres de votre navigateur.","breadcrumb":{"@id":"https:\/\/provence-home-intendance.fr\/provence-home-intendance\/rgpd\/#breadcrumb"},"inLanguage":"en-GB","potentialAction":[{"@type":"ReadAction","target":["https:\/\/provence-home-intendance.fr\/provence-home-intendance\/rgpd\/"]}]},{"@type":"ImageObject","inLanguage":"en-GB","@id":"https:\/\/provence-home-intendance.fr\/provence-home-intendance\/rgpd\/#primaryimage","url":"https:\/\/provence-home-intendance.fr\/wp-content\/uploads\/2022\/05\/pexels-pixabay-45209-1024x683.jpg","contentUrl":"https:\/\/provence-home-intendance.fr\/wp-content\/uploads\/2022\/05\/pexels-pixabay-45209-1024x683.jpg"},{"@type":"BreadcrumbList","@id":"https:\/\/provence-home-intendance.fr\/provence-home-intendance\/rgpd\/#breadcrumb","itemListElement":[{"@type":"ListItem","position":1,"name":"Accueil","item":"https:\/\/provence-home-intendance.fr\/"},{"@type":"ListItem","position":2,"name":"Provence Home Intendance","item":"https:\/\/provence-home-intendance.fr\/"},{"@type":"ListItem","position":3,"name":"Politique de Confidentialit\u00e9"}]},{"@type":"WebSite","@id":"https:\/\/provence-home-intendance.fr\/#website","url":"https:\/\/provence-home-intendance.fr\/","name":"Provence Home Intendance","description":"","publisher":{"@id":"https:\/\/provence-home-intendance.fr\/#organization"},"inLanguage":"en-GB"},{"@type":"Organization","@id":"https:\/\/provence-home-intendance.fr\/#organization","name":"Provence Home Intendance","url":"https:\/\/provence-home-intendance.fr\/","logo":{"@type":"ImageObject","inLanguage":"en-GB","@id":"https:\/\/provence-home-intendance.fr\/#\/schema\/logo\/image\/","url":"https:\/\/provence-home-intendance.fr\/wp-content\/uploads\/2021\/10\/cropped-Banniere-PHI2.png","contentUrl":"https:\/\/provence-home-intendance.fr\/wp-content\/uploads\/2021\/10\/cropped-Banniere-PHI2.png","width":1800,"height":500,"caption":"Provence Home Intendance"},"image":{"@id":"https:\/\/provence-home-intendance.fr\/#\/schema\/logo\/image\/"}}]}},"_links":{"self":[{"href":"https:\/\/provence-home-intendance.fr\/en\/wp-json\/wp\/v2\/pages\/29342","targetHints":{"allow":["GET"]}}],"collection":[{"href":"https:\/\/provence-home-intendance.fr\/en\/wp-json\/wp\/v2\/pages"}],"about":[{"href":"https:\/\/provence-home-intendance.fr\/en\/wp-json\/wp\/v2\/types\/page"}],"author":[{"embeddable":true,"href":"https:\/\/provence-home-intendance.fr\/en\/wp-json\/wp\/v2\/users\/1"}],"replies":[{"embeddable":true,"href":"https:\/\/provence-home-intendance.fr\/en\/wp-json\/wp\/v2\/comments?post=29342"}],"version-history":[{"count":4,"href":"https:\/\/provence-home-intendance.fr\/en\/wp-json\/wp\/v2\/pages\/29342\/revisions"}],"predecessor-version":[{"id":29560,"href":"https:\/\/provence-home-intendance.fr\/en\/wp-json\/wp\/v2\/pages\/29342\/revisions\/29560"}],"up":[{"embeddable":true,"href":"https:\/\/provence-home-intendance.fr\/en\/wp-json\/wp\/v2\/pages\/28847"}],"wp:attachment":[{"href":"https:\/\/provence-home-intendance.fr\/en\/wp-json\/wp\/v2\/media?parent=29342"}],"curies":[{"name":"wp","href":"https:\/\/api.w.org\/{rel}","templated":true}]}}